{"id":12,"date":"2012-05-05T10:27:40","date_gmt":"2012-05-05T08:27:40","guid":{"rendered":"http:\/\/bohn-kanzlei.de\/?page_id=12"},"modified":"2022-04-18T11:02:05","modified_gmt":"2022-04-18T09:02:05","slug":"fachgebiete","status":"publish","type":"page","link":"https:\/\/bohn-kanzlei.de\/en\/fachgebiete","title":{"rendered":"Angebote"},"content":{"rendered":"<p>Der Schwerpunkt unserer Kanzleit\u00e4tigkeit liegt in folgenden Bereichen:<\/p>\n<ul>\n<li>\n<h1><span style=\"color: #a52a2a;\"><a title=\"Familienrecht\" href=\"http:\/\/bohn-kanzlei.de\/fachgebiete\/familien-und-scheidungsrecht\">Familien- und Scheidungsrecht<\/a><\/span><\/h1>\n<\/li>\n<\/ul>\n<p style=\"padding-left: 30px;\">Scheidung, Trennung, Unterhalt, Elternunterhalt und Beratung bei sozialrechtlicher Inanspruchnahme durch den Sozialleistungstr\u00e4ger, Sorgerecht, Umgangsrecht, Vaterschaft, einvernehmliche Ehescheidung, Unternehmerscheidung, Scheidung auch mit hohen Verm\u00f6genswerten, Trennungsberatung, Ehegattenunterhalt, Kindesunterhalt, Ehevertrag, G\u00fctertrennung, (modifizierte) Zugewinngemeinschaft, Verm\u00f6gensauseinandersetzung, Sorgerecht\u2026.<\/p>\n<ul>\n<li>\n<h1><span style=\"color: #a52a2a;\"><a title=\"Arbeitsrecht\" href=\"http:\/\/bohn-kanzlei.de\/fachgebiete\/arbeitsrecht\">Arbeitsrecht<\/a><\/span><\/h1>\n<\/li>\n<\/ul>\n<p style=\"text-align: justify; padding-left: 30px;\">K\u00fcndigung<\/p>\n<ul>\n<li>\n<h1><span style=\"color: #a52a2a;\"><a title=\"Erbrecht\" href=\"http:\/\/bohn-kanzlei.de\/fachgebiete\/erbrecht-und-vermoegensnachfolge\">Erbrecht und Verm\u00f6gensnachfolge<\/a><\/span><\/h1>\n<\/li>\n<\/ul>\n<p style=\"padding-left: 30px;\">Erbe, Pflichtteil, Immobilien\u00fcbertragung, lebzeitige Gestaltungen der Verm\u00f6gens\u00fcbertragung, letztwillige Verf\u00fcgungen, Testament, Erbauseinandersetzung auch mit hohen Verm\u00f6genswerten , Immobilienverm\u00f6gen &amp; Auslandsimmobilien\u2026<\/p>\n<ul>\n<li><a title=\"Grundst\u00fccks- und Immobilienrecht\" href=\"http:\/\/bohn-kanzlei.de\/fachgebiete\/grundstucks-und-immobilienrecht\"><strong>Grundst\u00fccks-<\/strong> <strong>und Immobilienrecht<\/strong><\/a><\/li>\n<\/ul>\n<p style=\"padding-left: 30px;\">Immobilien- und Grundst\u00fccks\u00fcbertragung, lebzeitige Verm\u00f6gens\u00fcbertragung, erbrechtliche Gestaltung, Wohnrecht und Nie\u00dfbrauch, Pflegeheimfinanzierung\u2026<\/p>\n<p style=\"text-align: justify;\">In dem Bereich des allgemeinen Zivilrechts, der Vertragsgestaltung, des Werk- und Kaufrechts, der anwaltlichen Forderungsbeitreibung, des Mietrechts sowie des Strafrechts k\u00f6nnen wir Ihnen aufgrund von Kooperationen mit Rechtsanw\u00e4lten, Fachanw\u00e4lten und\u00a0 Angeh\u00f6rigen anderer erg\u00e4nzender Professionen sowie der Zusammenarbeit mit Notaren eine bestm\u00f6gliche L\u00f6sung f\u00fcr Ihre rechtliche Fragestellung bieten. Hierbei gew\u00e4hrleisten wir durch Spezialisierung sowie fach\u00fcbergreifender Bearbeitung eine optimale Behandlung Ihrer Anliegen.<\/p>\n","protected":false},"excerpt":{"rendered":"<p>Der Schwerpunkt unserer Kanzleit\u00e4tigkeit liegt in folgenden Bereichen: Familien- und Scheidungsrecht Scheidung, Trennung, Unterhalt, Elternunterhalt und Beratung bei sozialrechtlicher Inanspruchnahme durch den Sozialleistungstr\u00e4ger, Sorgerecht, Umgangsrecht, Vaterschaft, einvernehmliche Ehescheidung, Unternehmerscheidung, Scheidung auch mit hohen Verm\u00f6genswerten, Trennungsberatung, Ehegattenunterhalt, Kindesunterhalt, Ehevertrag, G\u00fctertrennung, (modifizierte) &hellip; <a href=\"https:\/\/bohn-kanzlei.de\/en\/fachgebiete\">Continue reading <span class=\"meta-nav\">&rarr;<\/span><\/a><\/p>\n","protected":false},"author":1,"featured_media":0,"parent":0,"menu_order":1,"comment_status":"closed","ping_status":"closed","template":"sidebar-page.php","meta":{"footnotes":""},"class_list":["post-12","page","type-page","status-publish","hentry"],"aioseo_notices":[],"_links":{"self":[{"href":"https:\/\/bohn-kanzlei.de\/en\/wp-json\/wp\/v2\/pages\/12","targetHints":{"allow":["GET"]}}],"collection":[{"href":"https:\/\/bohn-kanzlei.de\/en\/wp-json\/wp\/v2\/pages"}],"about":[{"href":"https:\/\/bohn-kanzlei.de\/en\/wp-json\/wp\/v2\/types\/page"}],"author":[{"embeddable":true,"href":"https:\/\/bohn-kanzlei.de\/en\/wp-json\/wp\/v2\/users\/1"}],"replies":[{"embeddable":true,"href":"https:\/\/bohn-kanzlei.de\/en\/wp-json\/wp\/v2\/comments?post=12"}],"version-history":[{"count":29,"href":"https:\/\/bohn-kanzlei.de\/en\/wp-json\/wp\/v2\/pages\/12\/revisions"}],"predecessor-version":[{"id":1215,"href":"https:\/\/bohn-kanzlei.de\/en\/wp-json\/wp\/v2\/pages\/12\/revisions\/1215"}],"wp:attachment":[{"href":"https:\/\/bohn-kanzlei.de\/en\/wp-json\/wp\/v2\/media?parent=12"}],"curies":[{"name":"wp","href":"https:\/\/api.w.org\/{rel}","templated":true}]}}