{"id":1336,"date":"2022-05-09T13:06:03","date_gmt":"2022-05-09T11:06:03","guid":{"rendered":"https:\/\/bohn-kanzlei.de\/?page_id=1336"},"modified":"2022-05-09T13:07:32","modified_gmt":"2022-05-09T11:07:32","slug":"coaching","status":"publish","type":"page","link":"https:\/\/bohn-kanzlei.de\/en\/mediation-coaching\/coaching","title":{"rendered":"C O A C H I N G"},"content":{"rendered":"\n<p><strong>Prozesscoaching<\/strong><\/p>\n\n\n\n<p>In jedem Stadium des Prozesses, im au\u00dfergerichtlichen Verfahren, als auch im Gerichtsverfahren besteht die M\u00f6glichkeit Konfliktparteien zu unterst\u00fctzen, mehr Klarheit \u00fcber die eigenen Ziele, Interessen und Ressourcen zu erhalten. Hierbei geht es auch darum die n\u00e4chsten Schritte taktisch und strategisch abzustimmen und Einfluss auf den Prozessverlauf zu nehmen bzw. auf eine einvernehmliche L\u00f6sung bzw. Beendigung des Verfahrens hinzuwirken.<\/p>\n\n\n\n<p>In einigen F\u00e4llen geht es auch darum Augenh\u00f6he herzustellen und mehr Klarheit bez\u00fcglich den eigenen Interessen, Werten, Erwartungen und Vorstellungen zu gewinnen. Auf dieser Basis k\u00f6nnen dann neue, bisher noch nicht ber\u00fccksichtigte L\u00f6sungsm\u00f6glichkeiten aufgezeigt werden, die mehr den eigenen Interessen und Werten entsprechen.<\/p>\n\n\n\n<p>Aufgrund meiner langj\u00e4hrigen Anwaltspraxis bin der festen \u00dcberzeugung: Es gibt immer eine L\u00f6sung nur k\u00f6nnen wir sie bisher (noch) nicht erkennen.<\/p>\n\n\n\n<p>Manchmal fehlen noch Informationen und manchmal geht es auch darum Hindernisse in Form von inneren Blockaden, Glaubenss\u00e4tzen, Konditionierungen auszur\u00e4umen um eine L\u00f6sung bzw. Beendigung des Konfliktes zu erm\u00f6glichen. &nbsp;<\/p>\n\n\n\n<p>Diese Hindernisse k\u00f6nnen insbesondere mit systemischen Methoden visualisiert und im Einzelfall auch transformiert werden.<\/p>\n\n\n\n<h6 class=\"wp-block-heading\"><strong>Systemisches Coaching &amp; Systemische Supervision<\/strong><\/h6>\n\n\n\n<p>Hierbei handelt es sich um eine neuartige l\u00f6sungsorientierte sowie ganzheitliche Methode welche systemisch-psychologische Techniken und Methoden in die (rechtliche) Beratung und Gestaltung sowie L\u00f6sungs- und Entscheidungsfindung einbezieht.<\/p>\n\n\n\n<p>Sie kann in jedem Verfahrensstadium und auch vorab bei der Entscheidungsfindung hilfreich sein. In der au\u00dfergerichtlichen Beratung und Vertretung als auch bei bereits laufenden gerichtlichen Verfahren.&nbsp;&nbsp;<\/p>\n\n\n\n<p><strong>Anwendungsbereiche (Beispiele)<\/strong><\/p>\n\n\n\n<ul class=\"wp-block-list\"><li>Auseinandersetzung einer Erbengemeinschaft<\/li><li>Trennung innerhalb einer Gesellschaft<\/li><li>K\u00fcndigungs- und Konfliktsituationen in einem Unternehmen, einer Organisation<\/li><li>Konflikte am Arbeitsplatz<\/li><li>Scheidung und Trennung (Unterhalt, Zugewinn, Verm\u00f6gensauseinandersetzung etc.)<\/li><li>Lebzeitige Nachfolgeregelungen<\/li><li>Erbauseinandersetzungen<\/li><li>Erstellung von Ehevertr\u00e4gen, gerade auch bei (noch) intakter Ehe oder Firmengr\u00fcndung<\/li><li>Sorgerechts- und Umgangsregelungen<\/li><li>Konflikte am Arbeitsplatz und K\u00fcndigungsschutzverfahren<\/li><\/ul>\n\n\n\n<p><strong>Ablauf der Systemischen<\/strong>&nbsp;<strong>Beratung<\/strong><\/p>\n\n\n\n<ol class=\"wp-block-list\" type=\"1\"><li><strong>Kl\u00e4rungsgespr\u00e4ch<\/strong>&nbsp;mit einer Verfahrensberatung um Klarheit zu verschaffen auf welche Art und Weise der Konflikt am besten gekl\u00e4rt werden kann z.B. juristische Vertretung, Mediation, Systemisches Coaching oder Systemische Supervision.<\/li><li><strong>Systemische Visualisierung<\/strong>&nbsp;mit Hilfe derer wir nach den Ursachen der Probleme und L\u00f6sungsm\u00f6glichkeiten suchen und ggfs. Auch schon Ver\u00e4nderungsprozesse einleiten.<\/li><li><strong>Handlungsempfehlungen<\/strong>&nbsp;und Kl\u00e4rung der weiteren rechtlichen und praktischen Vorgehensweise.<\/li><li>&nbsp;<strong>Juristische Umsetzung<\/strong>&nbsp;der Systemischen Erkenntnisse und L\u00f6sungen soweit erforderlich.<\/li><\/ol>\n\n\n\n<p>Das systemische Wirken \u2013 sowohl in Einzelsitzungen als auch in Gruppensettings \u2013 begeistert mich immer wieder. Dieses Tun und Wirken bereitet mir echte Herzensfreude.<\/p>\n\n\n\n<p>Diese in allen Bereichen anwendbare Visualisierungs- und Transformationsmethode erm\u00f6glicht einerseits den Blick \u201evon oben\u201c also auf das gesamte System, andererseits erstaunt und begeistert es mich pers\u00f6nlich immer wieder welche Prozesse hierdurch gestartet und Ver\u00e4nderungen hierdurch erm\u00f6glicht werden. Diese Erfahrung habe ich auch selbst sowohl im privaten als auch im beruflichen Kontext machen d\u00fcrfen.<\/p>\n\n\n\n<figure class=\"wp-block-image size-large\"><a href=\"https:\/\/bohn-kanzlei.de\/wp-content\/uploads\/2022\/05\/pexels-cottonbro-4101143-scaled.jpg\"><img loading=\"lazy\" decoding=\"async\" width=\"1024\" height=\"799\" src=\"https:\/\/bohn-kanzlei.de\/wp-content\/uploads\/2022\/05\/pexels-cottonbro-4101143-1024x799.jpg\" alt=\"Coaching\" class=\"wp-image-1338\" srcset=\"https:\/\/bohn-kanzlei.de\/wp-content\/uploads\/2022\/05\/pexels-cottonbro-4101143-1024x799.jpg 1024w, https:\/\/bohn-kanzlei.de\/wp-content\/uploads\/2022\/05\/pexels-cottonbro-4101143-300x234.jpg 300w, https:\/\/bohn-kanzlei.de\/wp-content\/uploads\/2022\/05\/pexels-cottonbro-4101143-768x599.jpg 768w, https:\/\/bohn-kanzlei.de\/wp-content\/uploads\/2022\/05\/pexels-cottonbro-4101143-1536x1198.jpg 1536w, https:\/\/bohn-kanzlei.de\/wp-content\/uploads\/2022\/05\/pexels-cottonbro-4101143-2048x1597.jpg 2048w, https:\/\/bohn-kanzlei.de\/wp-content\/uploads\/2022\/05\/pexels-cottonbro-4101143-385x300.jpg 385w\" sizes=\"auto, (max-width: 1024px) 100vw, 1024px\" \/><\/a><\/figure>\n","protected":false},"excerpt":{"rendered":"<p>Prozesscoaching In jedem Stadium des Prozesses, im au\u00dfergerichtlichen Verfahren, als auch im Gerichtsverfahren besteht die M\u00f6glichkeit Konfliktparteien zu unterst\u00fctzen, mehr Klarheit \u00fcber die eigenen Ziele, Interessen und Ressourcen zu erhalten. Hierbei geht es auch darum die n\u00e4chsten Schritte taktisch und &hellip; <a href=\"https:\/\/bohn-kanzlei.de\/en\/mediation-coaching\/coaching\">Continue reading <span class=\"meta-nav\">&rarr;<\/span><\/a><\/p>\n","protected":false},"author":1,"featured_media":0,"parent":1221,"menu_order":0,"comment_status":"closed","ping_status":"closed","template":"","meta":{"footnotes":""},"class_list":["post-1336","page","type-page","status-publish","hentry"],"aioseo_notices":[],"_links":{"self":[{"href":"https:\/\/bohn-kanzlei.de\/en\/wp-json\/wp\/v2\/pages\/1336","targetHints":{"allow":["GET"]}}],"collection":[{"href":"https:\/\/bohn-kanzlei.de\/en\/wp-json\/wp\/v2\/pages"}],"about":[{"href":"https:\/\/bohn-kanzlei.de\/en\/wp-json\/wp\/v2\/types\/page"}],"author":[{"embeddable":true,"href":"https:\/\/bohn-kanzlei.de\/en\/wp-json\/wp\/v2\/users\/1"}],"replies":[{"embeddable":true,"href":"https:\/\/bohn-kanzlei.de\/en\/wp-json\/wp\/v2\/comments?post=1336"}],"version-history":[{"count":2,"href":"https:\/\/bohn-kanzlei.de\/en\/wp-json\/wp\/v2\/pages\/1336\/revisions"}],"predecessor-version":[{"id":1364,"href":"https:\/\/bohn-kanzlei.de\/en\/wp-json\/wp\/v2\/pages\/1336\/revisions\/1364"}],"up":[{"embeddable":true,"href":"https:\/\/bohn-kanzlei.de\/en\/wp-json\/wp\/v2\/pages\/1221"}],"wp:attachment":[{"href":"https:\/\/bohn-kanzlei.de\/en\/wp-json\/wp\/v2\/media?parent=1336"}],"curies":[{"name":"wp","href":"https:\/\/api.w.org\/{rel}","templated":true}]}}