{"id":15,"date":"2012-05-05T10:30:14","date_gmt":"2012-05-05T08:30:14","guid":{"rendered":"http:\/\/bohn-kanzlei.de\/?page_id=15"},"modified":"2016-10-21T10:01:20","modified_gmt":"2016-10-21T08:01:20","slug":"qualifikation","status":"publish","type":"page","link":"https:\/\/bohn-kanzlei.de\/en\/qualifikation","title":{"rendered":"Qualifikation"},"content":{"rendered":"<p><strong>Rechtsanw\u00e4ltin Christiane Bohn<\/strong><\/p>\n<p style=\"text-align: justify;\"><span lang=\"DE\" style=\"color: #373737; line-height: 115%; font-family: 'Helvetica','sans-serif'; font-size: 11.5pt;\">ist seit 2009 in einer eigenen Kanzlei in Kissing t\u00e4tig. Sie ber\u00e4t bundesweit Privatpersonen und Unternehmen in den Bereichen Familien- und Scheidungsrecht, Erbrecht und Verm\u00f6gensnachfolge, Arbeitsrecht sowie in anderen rechtlichen Bereichen des Zivil- und Verwaltungsrechts. Ende 2011 er\u00f6ffnete sie eine weitere Kanzlei in Augsburg und verf\u00fcgt seit 2015 \u00fcber einen weiteren Standort in Gersthofen, der f\u00fcr Mandanten aus Augsburg und Umgebung besser und bequemer erreichbar ist.<\/span><\/p>\n<p style=\"text-align: justify;\">Ihren beruflichen Werdegang startete Frau Rechtsanw\u00e4ltin Christiane Bohn mit einem Verwaltungsstudium an der Fachhochschule f\u00fcr \u00f6ffentliche Verwaltung in Kehl und einer ausbildungsbegleitenden T\u00e4tigkeit bei der Stadtverwaltung Weingarten. Nach erfolgreichem Abschluss und mehreren Jahren Berufserfahrung in der Verwaltung folgten ein Jurastudium an der Universit\u00e4t Augsburg und Praxiserfahrung im zivilrechtlichen Bereich, insbesondere im Arbeitsrecht sowie Familien- und Erbrecht, in renommierten Augsburger Kanzleien.<\/p>\n<p style=\"text-align: justify;\">Frau Rechtsanw\u00e4ltin Christiane Bohn hat den Fachanwaltskurs Familienrecht erfolgreich abgeschlossen.<\/p>\n<p><strong>Mitgliedschaften: <\/strong><\/p>\n<ul>\n<li>Rechtsanwaltskammer M\u00fcnchen<\/li>\n<li>Deutscher Anwaltsverein e.V. (DAV)<\/li>\n<li>Augsburger Anwaltsverein<\/li>\n<li>Arbeitsgemeinschaft Familienrecht im Deutschen Anwaltsverein<\/li>\n<li>Arbeitsgemeinschaft Erbrecht im Deutschen Anwaltsverein<\/li>\n<li>Augsburger Netzwerk f\u00fcr Trennung und Scheidung (ANTS)<\/li>\n<li>Alumni-Vereinigung der Juristischen Fakult\u00e4t Augsburg e.V.<\/li>\n<\/ul>\n<p>&nbsp;<\/p>","protected":false},"excerpt":{"rendered":"<p>Rechtsanw\u00e4ltin Christiane Bohn ist seit 2009 in einer eigenen Kanzlei in Kissing t\u00e4tig. Sie ber\u00e4t bundesweit Privatpersonen und Unternehmen in den Bereichen Familien- und Scheidungsrecht, Erbrecht und Verm\u00f6gensnachfolge, Arbeitsrecht sowie in anderen rechtlichen Bereichen des Zivil- und Verwaltungsrechts. Ende 2011 &hellip; <a href=\"https:\/\/bohn-kanzlei.de\/en\/qualifikation\">Continue reading <span class=\"meta-nav\">&rarr;<\/span><\/a><\/p>\n","protected":false},"author":1,"featured_media":0,"parent":0,"menu_order":2,"comment_status":"closed","ping_status":"closed","template":"sidebar-page.php","meta":{"footnotes":""},"class_list":["post-15","page","type-page","status-publish","hentry"],"aioseo_notices":[],"_links":{"self":[{"href":"https:\/\/bohn-kanzlei.de\/en\/wp-json\/wp\/v2\/pages\/15","targetHints":{"allow":["GET"]}}],"collection":[{"href":"https:\/\/bohn-kanzlei.de\/en\/wp-json\/wp\/v2\/pages"}],"about":[{"href":"https:\/\/bohn-kanzlei.de\/en\/wp-json\/wp\/v2\/types\/page"}],"author":[{"embeddable":true,"href":"https:\/\/bohn-kanzlei.de\/en\/wp-json\/wp\/v2\/users\/1"}],"replies":[{"embeddable":true,"href":"https:\/\/bohn-kanzlei.de\/en\/wp-json\/wp\/v2\/comments?post=15"}],"version-history":[{"count":15,"href":"https:\/\/bohn-kanzlei.de\/en\/wp-json\/wp\/v2\/pages\/15\/revisions"}],"predecessor-version":[{"id":812,"href":"https:\/\/bohn-kanzlei.de\/en\/wp-json\/wp\/v2\/pages\/15\/revisions\/812"}],"wp:attachment":[{"href":"https:\/\/bohn-kanzlei.de\/en\/wp-json\/wp\/v2\/media?parent=15"}],"curies":[{"name":"wp","href":"https:\/\/api.w.org\/{rel}","templated":true}]}}