{"id":24,"date":"2012-05-05T10:33:15","date_gmt":"2012-05-05T08:33:15","guid":{"rendered":"http:\/\/bohn-kanzlei.de\/?page_id=24"},"modified":"2026-03-02T17:57:33","modified_gmt":"2026-03-02T16:57:33","slug":"impressum","status":"publish","type":"page","link":"https:\/\/bohn-kanzlei.de\/en\/impressum","title":{"rendered":"Impressum"},"content":{"rendered":"<p><strong>Anbieterkennzeichnung nach \u00a7 5 TMG<\/strong><strong><\/strong><\/p>\n<p><strong>Anwaltskanzlei Bohn\u00a0Christiane <\/strong><\/p>\n<p>Waldweg 10<br \/>\n86438 Kissing<br \/>\nTel.: 08233 \/ 7957475<br \/>\nFax: 08233 \/ 847426<\/p>\n<p><a href=\"mailto:info@anwaltskanzlei-bohn.de\">info@anwaltskanzlei-bohn.de<\/a><\/p>\n<p>Umsatzsteuer-Identifikations-Nr.:\u00a0 DE267800084<\/p>\n<p>Zust\u00e4ndige Aufsichtsbeh\u00f6rde:<br \/>\n<strong>Rechtsanwaltskammer f\u00fcr den Oberlandesgerichtsbezirk M\u00fcnchen<\/strong><\/p>\n<p>Tal 33<br \/>\n80331 M\u00fcnchen<br \/>\nTel.: 089 \/ 53 29 44-0<br \/>\nFax: 089 \/ 5329 44 28<\/p>\n<p style=\"text-align: justify;\">Die ma\u00dfgeblichen berufsrechtlichen Regelungen f\u00fcr Rechtsanw\u00e4lte und Rechtsanw\u00e4ltinnen sind u.a. die Bundesrechtsanwaltsordnung, die Berufsordnung, die Fachanwaltsordnung, das Rechtsanwaltsverg\u00fctungsgesetz, die Bundesgeb\u00fchren-ordnung f\u00fcr Rechtsanw\u00e4lte und die Berufsregeln der Rechtsanw\u00e4lte der Europ\u00e4ischen Union. Weitere Informationen hierzu bietet auch die <a title=\"Bundesrechtsnwaltskammer\" href=\"http:\/\/www.brak.de\/seiten\/06.php\" target=\"_blank\">Bundesrechtsanwaltskammer<\/a>.<\/p>\n<h2>Informationen nach DL-InfoVO<\/h2>\n<p style=\"text-align: justify;\">Rechtsanw\u00e4ltinnen und Rechtsanw\u00e4lte sind gem\u00e4\u00df \u00a7 51 BRAO verpflichtet, eine Berufshaftpflichtversicherung mit einer Mindestversicherungssumme von EUR 250.000,00 je Versicherungsfall zu unterhalten.<\/p>\n<p style=\"text-align: justify;\">Rechtsanw\u00e4ltin Bohn unterh\u00e4lt eine Berufshaftpflichtversicherung bei der HDI Gerling Firmen und Privat Vers. AG, Heilbronner Str. 158, 7191 Stuttgart. R\u00e4umlicher Geltungsbereich: Deutschland<\/p>\n<p style=\"text-align: justify;\">Die Wahrnehmung widerstreitender Interessen ist Rechtsanw\u00e4lten aufgrund berufsrechtlicher Regelungen untersagt (\u00a7 43a Abs. 4 BRAO). Vor Annahme eines Mandates wird deshalb immer gepr\u00fcft, ob ein Interessenkonflikt vorliegt.<\/p>\n<p style=\"text-align: justify;\">Bei Streitigkeiten zwischen Rechtsanw\u00e4lten und ihren Auftraggebern besteht auf Antrag die M\u00f6glichkeit der au\u00dfergerichtlichen Streitschlichtung bei der regionalen Rechtsanwaltskammer M\u00fcnchen (gem\u00e4\u00df \u00a7 73 Abs. 2 Nr. 3 i.V.m. \u00a7 73 Abs. 5 BRAO) oder bei der Schlichtungsstelle der Rechtsanwaltschaft (\u00a7 191f BRAO) bei der Bundesrechtsanwaltskammer, im Internet zu finden \u00fcber die Homepage der Bundesrechtsanwaltskammer (http:\/\/www.brak.de\/), E-Mail: <a href=\"mailto:schlichtungsstelle@brak.de\">schlichtungsstelle@brak.de<\/a><\/p>\n<p>&nbsp;<\/p>\n<p><strong>Datenschutzerkl\u00e4rung<\/strong><\/p>\n<p style=\"text-align: justify;\">Bei jedem Zugriff eines Nutzers auf das vorliegende Internet-Angebot und bei jedem Abruf einer Datei werden Daten \u00fcber diesen Vorgang vor\u00fcbergehend in einer Protokolldatei gespeichert und verarbeitet.<\/p>\n<p style=\"text-align: justify;\">Vor der Speicherung wird jeder Datensatz durch Ver\u00e4nderung der IP-Adresse anonymisiert.<\/p>\n<p style=\"text-align: justify;\">Im Einzelnen werden \u00fcber jeden Zugriff\/Abruf folgende Daten gespeichert:\u00a0 anonymisierte IP-Adresse, Datum und Uhrzeit,\u00a0 aufgerufene Seite\/Name der abgerufenen Datei, \u00fcbertragene Datenmenge,\u00a0 Meldung, ob der Zugriff\/Abruf erfolgreich war.<\/p>\n<p style=\"text-align: justify;\">Diese Daten werden lediglich f\u00fcr statistische Zwecke und zur Verbesserung des Angebots ausgewertet und anschlie\u00dfend gel\u00f6scht. Eine andere Verwendung oder Weitergabe an Dritte erfolgt nicht.<\/p>\n<p style=\"text-align: justify;\">Postanschriften und E-Mail-Adressen, die im Rahmen von Anfragen angegeben werden, werden ausschlie\u00dflich f\u00fcr die Korrespondenz verwendet.<\/p>\n<p>&nbsp;<\/p>\n<p><strong>Haftungsausschluss: <\/strong><\/p>\n<p style=\"text-align: justify;\">Alle Angaben unseres Internetangebotes wurden sorgf\u00e4ltig gepr\u00fcft. Wir bem\u00fchen uns, dieses Informationsangebot aktuell und inhaltlich richtig sowie vollst\u00e4ndig anzubieten. Dennoch ist das Auftreten von Fehlern nicht v\u00f6llig auszuschlie\u00dfen. Eine Garantie f\u00fcr die Vollst\u00e4ndigkeit, Richtigkeit und letzte Aktualit\u00e4t kann daher nicht \u00fcbernommen werden. Die auf dieser Webseite enthaltenen Informationen stellen keine Rechtsberatung dar.<\/p>\n<p style=\"text-align: justify;\">Der Zugang und die Benutzung dieser Webseite geschieht ausschlie\u00dflich auf eigene Gefahr des Nutzers. Die Anwaltskanzlei Bohn ist nicht verantwortlich und \u00fcbernimmt keinerlei Haftung f\u00fcr Sch\u00e4den, u.a. f\u00fcr direkte, indirekte, zuf\u00e4llige, vorab konkret zu bestimmende oder Folgesch\u00e4den, die angeblich durch den oder in Verbindung mit dem Zugang und\/oder der Benutzung dieser Webseite aufgetreten sind.<\/p>\n<p style=\"text-align: justify;\">Es wird auch keine Verantwortung f\u00fcr die Inhalte und die Verf\u00fcgbarkeit von Webseiten Dritter \u00fcbernommen. Ebenso distanzieren wir uns ausdr\u00fccklich von allen Inhalten auf Webseiten Dritter, die m\u00f6glicherweise straf- oder haftungsrechtlich relevant sind oder gegen die guten Sitten versto\u00dfen.<\/p>\n<p><strong>Anwendbares Recht<\/strong><\/p>\n<p style=\"text-align: justify;\">Die rechtlichen Hinweise auf dieser Seite sowie alle Fragen und Streitigkeiten im Zusammenhang mit dieser Webseite unterliegen dem Recht der Bundesrepublik Deutschland.<\/p>\n<p style=\"text-align: justify;\">\n<p><\/p>","protected":false},"excerpt":{"rendered":"<p>Anbieterkennzeichnung nach \u00a7 5 TMG Anwaltskanzlei Bohn\u00a0Christiane Waldweg 10 86438 Kissing Tel.: 08233 \/ 7957475 Fax: 08233 \/ 847426 info@anwaltskanzlei-bohn.de Umsatzsteuer-Identifikations-Nr.:\u00a0 DE267800084 Zust\u00e4ndige Aufsichtsbeh\u00f6rde: Rechtsanwaltskammer f\u00fcr den Oberlandesgerichtsbezirk M\u00fcnchen Tal 33 80331 M\u00fcnchen Tel.: 089 \/ 53 29 44-0 Fax: &hellip; <a href=\"https:\/\/bohn-kanzlei.de\/en\/impressum\">Continue reading <span class=\"meta-nav\">&rarr;<\/span><\/a><\/p>\n","protected":false},"author":1,"featured_media":0,"parent":0,"menu_order":7,"comment_status":"closed","ping_status":"closed","template":"","meta":{"footnotes":""},"class_list":["post-24","page","type-page","status-publish","hentry"],"aioseo_notices":[],"_links":{"self":[{"href":"https:\/\/bohn-kanzlei.de\/en\/wp-json\/wp\/v2\/pages\/24","targetHints":{"allow":["GET"]}}],"collection":[{"href":"https:\/\/bohn-kanzlei.de\/en\/wp-json\/wp\/v2\/pages"}],"about":[{"href":"https:\/\/bohn-kanzlei.de\/en\/wp-json\/wp\/v2\/types\/page"}],"author":[{"embeddable":true,"href":"https:\/\/bohn-kanzlei.de\/en\/wp-json\/wp\/v2\/users\/1"}],"replies":[{"embeddable":true,"href":"https:\/\/bohn-kanzlei.de\/en\/wp-json\/wp\/v2\/comments?post=24"}],"version-history":[{"count":15,"href":"https:\/\/bohn-kanzlei.de\/en\/wp-json\/wp\/v2\/pages\/24\/revisions"}],"predecessor-version":[{"id":1641,"href":"https:\/\/bohn-kanzlei.de\/en\/wp-json\/wp\/v2\/pages\/24\/revisions\/1641"}],"wp:attachment":[{"href":"https:\/\/bohn-kanzlei.de\/en\/wp-json\/wp\/v2\/media?parent=24"}],"curies":[{"name":"wp","href":"https:\/\/api.w.org\/{rel}","templated":true}]}}