{"id":360,"date":"2013-03-01T15:18:21","date_gmt":"2013-03-01T14:18:21","guid":{"rendered":"http:\/\/bohn-kanzlei.de\/?page_id=360"},"modified":"2024-02-09T16:41:54","modified_gmt":"2024-02-09T15:41:54","slug":"downloads","status":"publish","type":"page","link":"https:\/\/bohn-kanzlei.de\/en\/downloads","title":{"rendered":"Downloads"},"content":{"rendered":"<p>Die Formulare k\u00f6nnen online ausgef\u00fcllt werden und m\u00fcssen dann ausgedruckt und gegebenenfalls unterschrieben werden:<\/p>\n<p><a href=\"http:\/\/bohn-kanzlei.de\/wp-content\/uploads\/2013\/03\/Mandantenaufnahmebogen.pdf\" target=\"_blank\" rel=\"noopener noreferrer\"><img loading=\"lazy\" decoding=\"async\" class=\"wp-image-333 alignleft\" src=\"http:\/\/bohn-kanzlei.de\/wp-content\/uploads\/2013\/01\/PDF-Symbol.png\" alt=\"PDF-Symbol\" width=\"36\" height=\"28\" \/><\/a><br \/>\n<a title=\"Mandantenaufnahmebogen\" href=\"http:\/\/bohn-kanzlei.de\/wp-content\/uploads\/2013\/03\/Mandantenaufnahmebogen.pdf\" target=\"_blank\" rel=\"noopener noreferrer\"> Mandatsaufnahmebogen<\/a><\/p>\n<p><a href=\"http:\/\/bohn-kanzlei.de\/wp-content\/uploads\/2013\/03\/Vollmacht.pdf\" target=\"_blank\" rel=\"noopener noreferrer\"><img loading=\"lazy\" decoding=\"async\" class=\"alignleft wp-image-333\" src=\"http:\/\/bohn-kanzlei.de\/wp-content\/uploads\/2013\/01\/PDF-Symbol.png\" alt=\"PDF-Symbol\" width=\"36\" height=\"28\" \/><\/a><br \/>\n<a href=\"http:\/\/bohn-kanzlei.de\/wp-content\/uploads\/2013\/03\/Vollmacht.pdf\" target=\"_blank\" rel=\"noopener noreferrer\"> Vollmacht<\/a><\/p>\n<p><a href=\"http:\/\/bohn-kanzlei.de\/wp-content\/uploads\/2015\/02\/Fragebogen-Familienrecht.pdf\" target=\"_blank\" rel=\"noopener noreferrer\"><img loading=\"lazy\" decoding=\"async\" class=\"alignleft\" src=\"http:\/\/bohn-kanzlei.de\/wp-content\/uploads\/2013\/01\/PDF-Symbol.png\" alt=\"PDF-Symbol\" width=\"36\" height=\"28\" \/><\/a><br \/>\n<a href=\"http:\/\/bohn-kanzlei.de\/wp-content\/uploads\/2015\/02\/Fragebogen-Familienrecht.pdf\" target=\"_blank\" rel=\"noopener noreferrer\">Fragebogen Familienrecht<\/a><\/p>\n<p><a href=\"http:\/\/bohn-kanzlei.de\/wp-content\/uploads\/2014\/02\/Formular_PKH-VKH.pdf\" target=\"_blank\" rel=\"noopener noreferrer\"><img loading=\"lazy\" decoding=\"async\" class=\"alignleft\" src=\"http:\/\/bohn-kanzlei.de\/wp-content\/uploads\/2013\/01\/PDF-Symbol.png\" alt=\"PDF-Symbol\" width=\"36\" height=\"28\" \/><\/a><br \/>\n<a href=\"http:\/\/bohn-kanzlei.de\/wp-content\/uploads\/2014\/02\/Formular_PKH-VKH.pdf\" target=\"_blank\" rel=\"noopener noreferrer\">Prozesskostenhilfe\u00a0und Verfahrenskostenhilfe<\/a><\/p>\n<p><a href=\"http:\/\/bohn-kanzlei.de\/wp-content\/uploads\/2014\/02\/Formular-Beratungshilfe.pdf\" target=\"_blank\" rel=\"noopener noreferrer\"><img loading=\"lazy\" decoding=\"async\" class=\"alignleft\" src=\"http:\/\/bohn-kanzlei.de\/wp-content\/uploads\/2013\/01\/PDF-Symbol.png\" alt=\"PDF-Symbol\" width=\"36\" height=\"28\" \/><\/a><br \/>\n<a href=\"http:\/\/bohn-kanzlei.de\/wp-content\/uploads\/2014\/02\/Formular-Beratungshilfe.pdf\" target=\"_blank\" rel=\"noopener noreferrer\">Antrag auf Beratungshilfe<\/a><\/p>\n<p><a href=\"http:\/\/bohn-kanzlei.de\/wp-content\/uploads\/2015\/01\/Versorgungsausgleichfragebogen.pdf\" target=\"_blank\" rel=\"noopener noreferrer\"><img loading=\"lazy\" decoding=\"async\" class=\"alignleft\" src=\"http:\/\/bohn-kanzlei.de\/wp-content\/uploads\/2013\/01\/PDF-Symbol.png\" alt=\"PDF-Symbol\" width=\"36\" height=\"28\" \/><\/a><br \/>\n<a title=\"Versorgungsausgleich\" href=\"http:\/\/bohn-kanzlei.de\/wp-content\/uploads\/2015\/01\/Versorgungsausgleichfragebogen.pdf\" target=\"_blank\" rel=\"noopener noreferrer\">Fragebogen zum\u00a0Versorgungsausgleich<\/a><\/p>\n<p><a href=\"http:\/\/bohn-kanzlei.de\/wp-content\/uploads\/2015\/01\/Broschuere-Elternzeit1.pdf\" target=\"_blank\" rel=\"noopener noreferrer\"><img loading=\"lazy\" decoding=\"async\" class=\"alignleft\" src=\"http:\/\/bohn-kanzlei.de\/wp-content\/uploads\/2013\/01\/PDF-Symbol.png\" alt=\"PDF-Symbol\" width=\"36\" height=\"28\" \/><\/a><br \/>\n<a title=\"Elternzeit\" href=\"http:\/\/bohn-kanzlei.de\/wp-content\/uploads\/2015\/01\/Broschuere-Elternzeit1.pdf\" target=\"_blank\" rel=\"noopener noreferrer\">Brosch\u00fcre Elternzeit<\/a><\/p>\n<p><a href=\"http:\/\/bohn-kanzlei.de\/wp-content\/uploads\/2015\/01\/Brosch\u00fcre-Mutterschutz.pdf\" target=\"_blank\" rel=\"noopener noreferrer\"><img loading=\"lazy\" decoding=\"async\" class=\"alignleft\" src=\"http:\/\/bohn-kanzlei.de\/wp-content\/uploads\/2013\/01\/PDF-Symbol.png\" alt=\"PDF-Symbol\" width=\"36\" height=\"28\" \/><\/a><br \/>\n<a title=\"Mutterschutz\" href=\"http:\/\/bohn-kanzlei.de\/wp-content\/uploads\/2015\/01\/Brosch\u00fcre-Mutterschutz.pdf\" target=\"_blank\" rel=\"noopener noreferrer\">Brosch\u00fcre Mutterschutz<\/a><\/p>\n<p><a href=\"http:\/\/bohn-kanzlei.de\/wp-content\/uploads\/2015\/01\/Brosch\u00fcre-Pflegest\u00e4rkungsgesetz.pdf\" target=\"_blank\" rel=\"noopener noreferrer\"><img loading=\"lazy\" decoding=\"async\" class=\"alignleft\" src=\"http:\/\/bohn-kanzlei.de\/wp-content\/uploads\/2013\/01\/PDF-Symbol.png\" alt=\"PDF-Symbol\" width=\"36\" height=\"28\" \/><\/a><br \/>\n<a title=\"Pflegest\u00e4rkungsgesetz\" href=\"http:\/\/bohn-kanzlei.de\/wp-content\/uploads\/2015\/01\/Brosch\u00fcre-Pflegest\u00e4rkungsgesetz.pdf\" target=\"_blank\" rel=\"noopener noreferrer\">Brosch\u00fcre Pflegest\u00e4rkungsgesetz<\/a><\/p>","protected":false},"excerpt":{"rendered":"<p>Die Formulare k\u00f6nnen online ausgef\u00fcllt werden und m\u00fcssen dann ausgedruckt und gegebenenfalls unterschrieben werden: Mandatsaufnahmebogen Vollmacht Fragebogen Familienrecht Prozesskostenhilfe\u00a0und Verfahrenskostenhilfe Antrag auf Beratungshilfe Fragebogen zum\u00a0Versorgungsausgleich Brosch\u00fcre Elternzeit Brosch\u00fcre Mutterschutz Brosch\u00fcre Pflegest\u00e4rkungsgesetz<\/p>\n","protected":false},"author":1,"featured_media":0,"parent":0,"menu_order":8,"comment_status":"closed","ping_status":"closed","template":"sidebar-page.php","meta":{"footnotes":""},"class_list":["post-360","page","type-page","status-publish","hentry"],"aioseo_notices":[],"_links":{"self":[{"href":"https:\/\/bohn-kanzlei.de\/en\/wp-json\/wp\/v2\/pages\/360","targetHints":{"allow":["GET"]}}],"collection":[{"href":"https:\/\/bohn-kanzlei.de\/en\/wp-json\/wp\/v2\/pages"}],"about":[{"href":"https:\/\/bohn-kanzlei.de\/en\/wp-json\/wp\/v2\/types\/page"}],"author":[{"embeddable":true,"href":"https:\/\/bohn-kanzlei.de\/en\/wp-json\/wp\/v2\/users\/1"}],"replies":[{"embeddable":true,"href":"https:\/\/bohn-kanzlei.de\/en\/wp-json\/wp\/v2\/comments?post=360"}],"version-history":[{"count":85,"href":"https:\/\/bohn-kanzlei.de\/en\/wp-json\/wp\/v2\/pages\/360\/revisions"}],"predecessor-version":[{"id":1437,"href":"https:\/\/bohn-kanzlei.de\/en\/wp-json\/wp\/v2\/pages\/360\/revisions\/1437"}],"wp:attachment":[{"href":"https:\/\/bohn-kanzlei.de\/en\/wp-json\/wp\/v2\/media?parent=360"}],"curies":[{"name":"wp","href":"https:\/\/api.w.org\/{rel}","templated":true}]}}