{"id":1202,"date":"2022-04-18T10:55:35","date_gmt":"2022-04-18T08:55:35","guid":{"rendered":"https:\/\/bohn-kanzlei.de\/?page_id=1202"},"modified":"2022-04-18T20:57:01","modified_gmt":"2022-04-18T18:57:01","slug":"systemische-rechtsberatung","status":"publish","type":"page","link":"https:\/\/bohn-kanzlei.de\/ro\/fachgebiete\/systemische-rechtsberatung","title":{"rendered":"Systemische Rechtsberatung"},"content":{"rendered":"\n<p>Hierbei handelt es sich um eine neuartige l\u00f6sungsorientierte sowie ganzheitliche Methode welche systemisch-psychologische Techniken und Methoden in die rechtliche Beratung und Gestaltung einbezieht.<\/p>\n\n\n\n<p>Sie kann in jedem Verfahrensstadium und bei der Entscheidungsfindung unterst\u00fctzen. Also sowohl in der au\u00dfergerichtlichen Beratung und Vertretung als auch bei bereits laufenden gerichtlichen Verfahren hilfreich sein und Zeit und Geld sowie Resourcen sparen. &nbsp;&nbsp;<\/p>\n\n\n\n<p><strong>Anwendungsbereiche (Beispiele)<\/strong><\/p>\n\n\n\n<ul class=\"wp-block-list\"><li>Trennung einer Ehe, einer Erbengemeinschaft, innerhalb einer Gesellschaft, von einer Firma oder einem Arbeitnehmer<\/li><li>Scheidungsbegleitung (Unterhalt, Zugewinn, Verm\u00f6gensauseinandersetzung etc.)<\/li><li>Erstellung von Testamenten<\/li><li>Lebzeitige Nachfolgeregelungen<\/li><li>Erbauseinandersetzungen<\/li><li>Erstellung von Ehevertr\u00e4gen, gerade auch bei (noch) intakter Ehe oder Firmengr\u00fcndung<\/li><li>Sorgerechts- und Umgangsregelungen<\/li><li>Konflikte am Arbeitsplatz und K\u00fcndigungsschutzverfahren<\/li><\/ul>\n\n\n\n<p><strong>Ablauf der Systemischen Rechtsberatung<\/strong><\/p>\n\n\n\n<ol class=\"wp-block-list\" type=\"1\"><li><strong>Kl\u00e4rungsgespr\u00e4ch<\/strong> mit einer Verfahrensberatung um Klarheit zu verschaffen auf welche Art und Weise der Konflikt am besten gekl\u00e4rt werden kann z.B. juristische Vertretung, Mediation, Systemisches Coaching oder Systemische Supervision<\/li><li><strong>Rechtliche Beratung<\/strong> mit einer juristischen Vorpr\u00fcfung und Beurteilung der Erfolgsaussichten.<\/li><li><strong>Systemische Visualisierung<\/strong> mit Hilfe derer wir nach den Ursachen der Probleme und L\u00f6sungsm\u00f6glichkeiten suchen und ggfs. Auch schon Ver\u00e4nderungsprozesse einleiten.<\/li><li><strong>Handlungsempfehlungen<\/strong> und Kl\u00e4rung der weiteren rechtlichen und praktischen Vorgehensweise.<\/li><li>&nbsp;<strong>Juristische Umsetzung<\/strong> der systemischen Erkenntnisse und L\u00f6sungen<\/li><\/ol>\n","protected":false},"excerpt":{"rendered":"<p>Hierbei handelt es sich um eine neuartige l\u00f6sungsorientierte sowie ganzheitliche Methode welche systemisch-psychologische Techniken und Methoden in die rechtliche Beratung und Gestaltung einbezieht. Sie kann in jedem Verfahrensstadium und bei der Entscheidungsfindung unterst\u00fctzen. Also sowohl in der au\u00dfergerichtlichen Beratung und &hellip; <a href=\"https:\/\/bohn-kanzlei.de\/ro\/fachgebiete\/systemische-rechtsberatung\">Continu\u0103 s\u0103 cite\u0219ti <span class=\"meta-nav\">&rarr;<\/span><\/a><\/p>\n","protected":false},"author":1,"featured_media":0,"parent":12,"menu_order":1,"comment_status":"closed","ping_status":"closed","template":"sidebar-page.php","meta":{"footnotes":""},"class_list":["post-1202","page","type-page","status-publish","hentry"],"aioseo_notices":[],"_links":{"self":[{"href":"https:\/\/bohn-kanzlei.de\/ro\/wp-json\/wp\/v2\/pages\/1202","targetHints":{"allow":["GET"]}}],"collection":[{"href":"https:\/\/bohn-kanzlei.de\/ro\/wp-json\/wp\/v2\/pages"}],"about":[{"href":"https:\/\/bohn-kanzlei.de\/ro\/wp-json\/wp\/v2\/types\/page"}],"author":[{"embeddable":true,"href":"https:\/\/bohn-kanzlei.de\/ro\/wp-json\/wp\/v2\/users\/1"}],"replies":[{"embeddable":true,"href":"https:\/\/bohn-kanzlei.de\/ro\/wp-json\/wp\/v2\/comments?post=1202"}],"version-history":[{"count":4,"href":"https:\/\/bohn-kanzlei.de\/ro\/wp-json\/wp\/v2\/pages\/1202\/revisions"}],"predecessor-version":[{"id":1307,"href":"https:\/\/bohn-kanzlei.de\/ro\/wp-json\/wp\/v2\/pages\/1202\/revisions\/1307"}],"up":[{"embeddable":true,"href":"https:\/\/bohn-kanzlei.de\/ro\/wp-json\/wp\/v2\/pages\/12"}],"wp:attachment":[{"href":"https:\/\/bohn-kanzlei.de\/ro\/wp-json\/wp\/v2\/media?parent=1202"}],"curies":[{"name":"wp","href":"https:\/\/api.w.org\/{rel}","templated":true}]}}