{"id":1324,"date":"2022-05-09T13:06:09","date_gmt":"2022-05-09T11:06:09","guid":{"rendered":"https:\/\/bohn-kanzlei.de\/?page_id=1324"},"modified":"2022-05-09T13:06:11","modified_gmt":"2022-05-09T11:06:11","slug":"meditation","status":"publish","type":"page","link":"https:\/\/bohn-kanzlei.de\/ro\/mediation-coaching\/meditation","title":{"rendered":"M E D I A T I O N"},"content":{"rendered":"\n<p>Durch die Einschaltung eines Mediators als neutralen Vermittler wird den Parteien erm\u00f6glicht zu einer umfassenden und ganzheitlichen Konfliktl\u00f6sung zu finden. Der Mediator unterst\u00fctzt bei der L\u00f6sungsfindung, ohne selbst zu entscheiden. Er wird in der Regel nach Stundensatz gem\u00e4\u00df individueller Vereinbarung verg\u00fctet. Das Mediationsverfahren ist meist kosteng\u00fcnstiger und nervenschonender als eine jahrelange gerichtliche Auseinandersetzung. Bei einer Beauftragung als neutrale Mediatorin ist eine Interessensvertretung im Rahmen einer anwaltlichen T\u00e4tigkeit nicht mehr zul\u00e4ssig.<br><br><\/p>\n\n\n\n<p><\/p>\n\n\n\n<p><strong>Kurzmediation<\/strong><\/p>\n\n\n\n<p>\u200bDiese bietet sich f\u00fcr eine schnelle und effiziente Bearbeitung akuter Konflikte an. Sie beinhaltet eine online-Mediationssitzung von maximal 2 Stunden und eignet sich besonders f\u00fcr Konflikte mit mittlerem Eskalationsgrad bzw. geringem Streitwert.<br><br><\/p>\n\n\n\n<h2 class=\"wp-block-heading\">Online-Mediation<\/h2>\n\n\n\n<p><a href=\"https:\/\/bohn-kanzlei.de\/online-mediation\" target=\"_blank\" rel=\"noreferrer noopener\">Online-Mediationen<\/a> werden \u00fcber \u201eZoom\u201c bzw. BB-Vision durchgef\u00fchrt. Fragen Sie uns gerne dazu an.<\/p>\n\n\n\n<figure class=\"wp-block-image size-large\"><a href=\"https:\/\/bohn-kanzlei.de\/wp-content\/uploads\/2022\/05\/pexels-cottonbro-4098252-1-scaled.jpg\"><img loading=\"lazy\" decoding=\"async\" width=\"1024\" height=\"991\" src=\"https:\/\/bohn-kanzlei.de\/wp-content\/uploads\/2022\/05\/pexels-cottonbro-4098252-1-1024x991.jpg\" alt=\"\" class=\"wp-image-1334\" srcset=\"https:\/\/bohn-kanzlei.de\/wp-content\/uploads\/2022\/05\/pexels-cottonbro-4098252-1-1024x991.jpg 1024w, https:\/\/bohn-kanzlei.de\/wp-content\/uploads\/2022\/05\/pexels-cottonbro-4098252-1-300x290.jpg 300w, https:\/\/bohn-kanzlei.de\/wp-content\/uploads\/2022\/05\/pexels-cottonbro-4098252-1-768x743.jpg 768w, https:\/\/bohn-kanzlei.de\/wp-content\/uploads\/2022\/05\/pexels-cottonbro-4098252-1-1536x1486.jpg 1536w, https:\/\/bohn-kanzlei.de\/wp-content\/uploads\/2022\/05\/pexels-cottonbro-4098252-1-2048x1981.jpg 2048w, https:\/\/bohn-kanzlei.de\/wp-content\/uploads\/2022\/05\/pexels-cottonbro-4098252-1-310x300.jpg 310w\" sizes=\"auto, (max-width: 1024px) 100vw, 1024px\" \/><\/a><\/figure>\n","protected":false},"excerpt":{"rendered":"<p>Durch die Einschaltung eines Mediators als neutralen Vermittler wird den Parteien erm\u00f6glicht zu einer umfassenden und ganzheitlichen Konfliktl\u00f6sung zu finden. Der Mediator unterst\u00fctzt bei der L\u00f6sungsfindung, ohne selbst zu entscheiden. Er wird in der Regel nach Stundensatz gem\u00e4\u00df individueller Vereinbarung &hellip; <a href=\"https:\/\/bohn-kanzlei.de\/ro\/mediation-coaching\/meditation\">Continu\u0103 s\u0103 cite\u0219ti <span class=\"meta-nav\">&rarr;<\/span><\/a><\/p>\n","protected":false},"author":1,"featured_media":0,"parent":1221,"menu_order":0,"comment_status":"closed","ping_status":"closed","template":"","meta":{"footnotes":""},"class_list":["post-1324","page","type-page","status-publish","hentry"],"aioseo_notices":[],"_links":{"self":[{"href":"https:\/\/bohn-kanzlei.de\/ro\/wp-json\/wp\/v2\/pages\/1324","targetHints":{"allow":["GET"]}}],"collection":[{"href":"https:\/\/bohn-kanzlei.de\/ro\/wp-json\/wp\/v2\/pages"}],"about":[{"href":"https:\/\/bohn-kanzlei.de\/ro\/wp-json\/wp\/v2\/types\/page"}],"author":[{"embeddable":true,"href":"https:\/\/bohn-kanzlei.de\/ro\/wp-json\/wp\/v2\/users\/1"}],"replies":[{"embeddable":true,"href":"https:\/\/bohn-kanzlei.de\/ro\/wp-json\/wp\/v2\/comments?post=1324"}],"version-history":[{"count":4,"href":"https:\/\/bohn-kanzlei.de\/ro\/wp-json\/wp\/v2\/pages\/1324\/revisions"}],"predecessor-version":[{"id":1351,"href":"https:\/\/bohn-kanzlei.de\/ro\/wp-json\/wp\/v2\/pages\/1324\/revisions\/1351"}],"up":[{"embeddable":true,"href":"https:\/\/bohn-kanzlei.de\/ro\/wp-json\/wp\/v2\/pages\/1221"}],"wp:attachment":[{"href":"https:\/\/bohn-kanzlei.de\/ro\/wp-json\/wp\/v2\/media?parent=1324"}],"curies":[{"name":"wp","href":"https:\/\/api.w.org\/{rel}","templated":true}]}}