{"id":18,"date":"2012-05-05T10:32:11","date_gmt":"2012-05-05T08:32:11","guid":{"rendered":"http:\/\/bohn-kanzlei.de\/?page_id=18"},"modified":"2026-03-02T17:42:26","modified_gmt":"2026-03-02T16:42:26","slug":"kontakt","status":"publish","type":"page","link":"https:\/\/bohn-kanzlei.de\/ro\/kontakt","title":{"rendered":"Kontakt"},"content":{"rendered":"<p><strong>Kanzlei Gersthofen:&nbsp;&nbsp;&nbsp;&nbsp;&nbsp;&nbsp;&nbsp;&nbsp;&nbsp;&nbsp;&nbsp;&nbsp;&nbsp;&nbsp;&nbsp;&nbsp;&nbsp;Kanzlei Kissing:&nbsp;&nbsp;&nbsp;&nbsp;&nbsp;&nbsp;&nbsp;&nbsp;&nbsp;&nbsp;&nbsp;&nbsp;&nbsp;&nbsp;&nbsp;&nbsp;&nbsp; &nbsp;B\u00fcro Augsburg:<\/strong><br>Bahnhofstra\u00dfe 5 b&nbsp;&nbsp;&nbsp;&nbsp;&nbsp;&nbsp;&nbsp;&nbsp;&nbsp;&nbsp;&nbsp;&nbsp;&nbsp;&nbsp;&nbsp;&nbsp;&nbsp; &nbsp;&nbsp; Waldweg 10&nbsp; &nbsp; &nbsp; &nbsp; &nbsp; &nbsp; &nbsp; &nbsp; &nbsp; &nbsp; &nbsp; &nbsp; &nbsp; &nbsp;Steingasse 9<br>86368 Gersthofen&nbsp;&nbsp;&nbsp;&nbsp;&nbsp;&nbsp;&nbsp;&nbsp;&nbsp;&nbsp;&nbsp;&nbsp;&nbsp;&nbsp;&nbsp;&nbsp;&nbsp;&nbsp;&nbsp;&nbsp;&nbsp; 86438 Kissing&nbsp;&nbsp;&nbsp;&nbsp;&nbsp;&nbsp;&nbsp;&nbsp;&nbsp;&nbsp;&nbsp;&nbsp;&nbsp;&nbsp;&nbsp;&nbsp;&nbsp;&nbsp;&nbsp;&nbsp;&nbsp;&nbsp;&nbsp; 86150 Augsburg<\/p>\n\n\n\n<p>Tel.:&nbsp; 0821 \/&nbsp;50894930&nbsp;&nbsp;&nbsp;&nbsp;&nbsp;&nbsp;&nbsp;&nbsp;&nbsp;&nbsp;&nbsp;&nbsp;&nbsp;&nbsp; Tel.:&nbsp; 08233 \/ 7957475&nbsp;&nbsp;&nbsp;&nbsp;&nbsp;&nbsp;&nbsp; &nbsp;&nbsp;&nbsp;Tel.:&nbsp; 0821 \/&nbsp;50894930<br>Fax:&nbsp; 0821 \/ 50894931&nbsp;&nbsp;&nbsp;&nbsp;&nbsp;&nbsp;&nbsp;&nbsp;&nbsp;&nbsp;&nbsp;&nbsp;&nbsp;&nbsp;&nbsp;Fax:&nbsp; 08233 \/ 847426&nbsp;&nbsp;&nbsp;&nbsp;&nbsp;&nbsp;&nbsp;&nbsp;&nbsp;&nbsp; &nbsp;&nbsp;Fax:&nbsp; 0821 \/ 50894931<\/p>\n\n\n\n<p><strong>&nbsp;&nbsp;&nbsp;&nbsp;&nbsp;&nbsp;&nbsp;&nbsp;&nbsp;&nbsp;&nbsp;&nbsp;&nbsp;&nbsp;&nbsp;&nbsp;&nbsp;&nbsp;&nbsp;&nbsp;&nbsp;&nbsp;&nbsp;&nbsp;&nbsp;&nbsp;&nbsp;&nbsp;&nbsp;&nbsp;&nbsp;&nbsp;&nbsp;&nbsp;&nbsp; <a href=\"mailto:info@anwaltskanzlei-bohn.de\">info@anwaltskanzlei-bohn.de<\/a><\/strong><\/p>\n\n\n\n<p><strong>Kontaktieren Sie uns telefonisch,&nbsp;<\/strong><strong>per E-Mail oder gerne auch \u00fcber unser Kontaktformular:<br><code>[si-contact-form form='1']<\/code><\/strong><\/p>\n\n\n\n<p><strong>Eine pers\u00f6nliche Beratung ist nach vorheriger Terminvereinbarung m\u00f6glich. <\/strong><\/p>\n\n\n\n<p>Selbstverst\u00e4ndlich sind auch kurzfristige Besprechungstermine m\u00f6glich. In dringenden Angelegenheiten werden Besprechungstermine auch au\u00dferhalb der \u00fcblichen B\u00fcrozeiten vergeben.<\/p>\n\n\n\n<h1 class=\"wp-block-heading\">Onlineberatung<\/h1>\n\n\n\n<p>Nicht immer ist ein zeitnaher Gespr\u00e4chstermin vor Ort&nbsp; m\u00f6glich oder notwendig!<\/p>\n\n\n\n<ul class=\"wp-block-list\">\n<li>Sie sind im Urlaub und wollen ein rechtliches Problem gel\u00f6st haben?<\/li>\n\n\n\n<li>Ein rechtliches Problem muss schnellstm\u00f6glich gel\u00f6st werden. Sie haben aber erst in einigen Wochen Zeit f\u00fcr einen pers\u00f6nlichen Vor-Ort Gespr\u00e4chstermin.<\/li>\n\n\n\n<li>Sie wohnen weiter weg und k\u00f6nnen einen Gespr\u00e4chstermin nicht pers\u00f6nlich wahrnehmen.<\/li>\n\n\n\n<li>In Ihrer rechtlichen&nbsp;Angelegenheit ist ein Vor-Ort Gespr\u00e4ch nicht notwendig, es kann alles per E-Mail \/ Fax und Telefon&nbsp;erledigt werden.<\/li>\n<\/ul>\n\n\n\n<p>In all diesen F\u00e4llen k\u00f6nnen wir Ihnen gerne &#8222;Online&#8221; helfen. Sprechen Sie uns einfach an, wir&nbsp;beraten Sie gerne und unkompliziert.<\/p>","protected":false},"excerpt":{"rendered":"<p>Kanzlei Gersthofen:&nbsp;&nbsp;&nbsp;&nbsp;&nbsp;&nbsp;&nbsp;&nbsp;&nbsp;&nbsp;&nbsp;&nbsp;&nbsp;&nbsp;&nbsp;&nbsp;&nbsp;Kanzlei Kissing:&nbsp;&nbsp;&nbsp;&nbsp;&nbsp;&nbsp;&nbsp;&nbsp;&nbsp;&nbsp;&nbsp;&nbsp;&nbsp;&nbsp;&nbsp;&nbsp;&nbsp; &nbsp;B\u00fcro Augsburg:Bahnhofstra\u00dfe 5 b&nbsp;&nbsp;&nbsp;&nbsp;&nbsp;&nbsp;&nbsp;&nbsp;&nbsp;&nbsp;&nbsp;&nbsp;&nbsp;&nbsp;&nbsp;&nbsp;&nbsp; &nbsp;&nbsp; Waldweg 10&nbsp; &nbsp; &nbsp; &nbsp; &nbsp; &nbsp; &nbsp; &nbsp; &nbsp; &nbsp; &nbsp; &nbsp; &nbsp; &nbsp;Steingasse 986368 Gersthofen&nbsp;&nbsp;&nbsp;&nbsp;&nbsp;&nbsp;&nbsp;&nbsp;&nbsp;&nbsp;&nbsp;&nbsp;&nbsp;&nbsp;&nbsp;&nbsp;&nbsp;&nbsp;&nbsp;&nbsp;&nbsp; 86438 Kissing&nbsp;&nbsp;&nbsp;&nbsp;&nbsp;&nbsp;&nbsp;&nbsp;&nbsp;&nbsp;&nbsp;&nbsp;&nbsp;&nbsp;&nbsp;&nbsp;&nbsp;&nbsp;&nbsp;&nbsp;&nbsp;&nbsp;&nbsp; 86150 Augsburg Tel.:&nbsp; 0821 \/&nbsp;50894930&nbsp;&nbsp;&nbsp;&nbsp;&nbsp;&nbsp;&nbsp;&nbsp;&nbsp;&nbsp;&nbsp;&nbsp;&nbsp;&nbsp; Tel.:&nbsp; 08233 \/ 7957475&nbsp;&nbsp;&nbsp;&nbsp;&nbsp;&nbsp;&nbsp; &nbsp;&nbsp;&nbsp;Tel.:&nbsp; 0821 \/&nbsp;50894930Fax:&nbsp; 0821 &hellip; <a href=\"https:\/\/bohn-kanzlei.de\/ro\/kontakt\">Continu\u0103 s\u0103 cite\u0219ti <span class=\"meta-nav\">&rarr;<\/span><\/a><\/p>\n","protected":false},"author":1,"featured_media":0,"parent":0,"menu_order":3,"comment_status":"closed","ping_status":"closed","template":"","meta":{"footnotes":""},"class_list":["post-18","page","type-page","status-publish","hentry"],"aioseo_notices":[],"_links":{"self":[{"href":"https:\/\/bohn-kanzlei.de\/ro\/wp-json\/wp\/v2\/pages\/18","targetHints":{"allow":["GET"]}}],"collection":[{"href":"https:\/\/bohn-kanzlei.de\/ro\/wp-json\/wp\/v2\/pages"}],"about":[{"href":"https:\/\/bohn-kanzlei.de\/ro\/wp-json\/wp\/v2\/types\/page"}],"author":[{"embeddable":true,"href":"https:\/\/bohn-kanzlei.de\/ro\/wp-json\/wp\/v2\/users\/1"}],"replies":[{"embeddable":true,"href":"https:\/\/bohn-kanzlei.de\/ro\/wp-json\/wp\/v2\/comments?post=18"}],"version-history":[{"count":41,"href":"https:\/\/bohn-kanzlei.de\/ro\/wp-json\/wp\/v2\/pages\/18\/revisions"}],"predecessor-version":[{"id":1639,"href":"https:\/\/bohn-kanzlei.de\/ro\/wp-json\/wp\/v2\/pages\/18\/revisions\/1639"}],"wp:attachment":[{"href":"https:\/\/bohn-kanzlei.de\/ro\/wp-json\/wp\/v2\/media?parent=18"}],"curies":[{"name":"wp","href":"https:\/\/api.w.org\/{rel}","templated":true}]}}