{"id":2,"date":"2012-05-05T00:00:00","date_gmt":"2012-05-04T22:00:00","guid":{"rendered":"http:\/\/bohn-kanzlei.de\/?page_id=2"},"modified":"2025-10-28T16:01:31","modified_gmt":"2025-10-28T15:01:31","slug":"startseite","status":"publish","type":"page","link":"https:\/\/bohn-kanzlei.de\/ro\/","title":{"rendered":"Kanzlei &#038; Mediationsb\u00fcro"},"content":{"rendered":"<p><\/p>\n<h1><strong>Bine a\u021bi venit pe paginile cabinetului de avocatur\u0103 Bohn!<\/strong><\/h1>\n<p style=\"text-align: justify;\">\n  <a href=\"http:\/\/bohn-kanzlei.de\/wp-content\/uploads\/2012\/05\/05-03-10_0052-3.jpg\"><br \/>\n    <img loading=\"lazy\" decoding=\"async\" class=\"size-medium wp-image-139 alignright\" title=\"RAin Bohn\"\n         src=\"http:\/\/bohn-kanzlei.de\/wp-content\/uploads\/2012\/05\/05-03-10_0052-3-263x300.jpg\"\n         alt=\"Avocata Bohn\" width=\"263\" height=\"300\" srcset=\"https:\/\/bohn-kanzlei.de\/wp-content\/uploads\/2012\/05\/05-03-10_0052-3-263x300.jpg 263w, https:\/\/bohn-kanzlei.de\/wp-content\/uploads\/2012\/05\/05-03-10_0052-3-899x1024.jpg 899w\" sizes=\"auto, (max-width: 263px) 100vw, 263px\" \/><br \/>\n  <\/a> Cabinetul de avocatur\u0103 Bohn este specializat \u00een dreptul familiei, dreptul muncii, dreptul mo\u0219tenirilor, sprijinul parental, dreptul imobiliar \u0219i al propriet\u0103\u021bii, precum \u0219i \u00een dreptul tutel\u0103. \u00cen alte domenii juridice, v\u0103 putem ajuta datorit\u0103 colabor\u0103rii str\u00e2nse cu al\u021bi avoca\u021bi \u0219i notari (vede\u021bi mai multe la <a title=\"Fachgebiete\" href=\"http:\/\/bohn-kanzlei.de\/fachgebiete\">Fachgebiete<\/a>).\n<\/p>\n<p style=\"text-align: justify;\"> Oferim at\u00e2t clien\u021bilor priva\u021bi, c\u00e2t \u0219i celor de afaceri consultan\u021b\u0103 \u0219i reprezentare juridic\u0103 personalizat\u0103, individual\u0103, orientat\u0103 spre o colaborare pe termen lung \u0219i v\u0103 ajut\u0103m s\u0103 g\u0103si\u021bi o solu\u021bie adecvat\u0103 \u0219i orientat\u0103 spre obiectiv.\n<\/p>\n<p style=\"text-align: justify;\"> Contactul personal cu dumneavoastr\u0103 este prioritatea noastr\u0103 principal\u0103. V\u0103 rug\u0103m s\u0103 stabili\u021bi o programare. Desigur, sunt posibile \u0219i \u00eent\u00e2lniri de consultan\u021b\u0103 pe termen scurt. \u00cen cazuri urgente, \u00eent\u00e2lnirile pot fi stabilite \u0219i \u00een afara programului obi\u0219nuit de lucru.\n<\/p>\n<p style=\"text-align: justify;\">\n  <strong>\u00cen consultan\u021ba \u0219i reprezentarea noastr\u0103, este \u00eentotdeauna important pentru noi ca interesele dumneavoastr\u0103 personale, dar \u0219i cele economice, s\u0103 fie luate \u00een considerare.<\/strong>\n<\/p>\n<p style=\"text-align: justify;\"> Cabinetul nostru se caracterizeaz\u0103 printr-o comunicare deschis\u0103 \u0219i rapid\u0103, precum \u0219i printr-o abordare discret\u0103 \u0219i \u00een\u021beleg\u0103toare fa\u021b\u0103 de clien\u021bi. \u00cen cadrul consultan\u021bei noastre, acord\u0103m \u00eentotdeauna importan\u021b\u0103 nu doar ap\u0103r\u0103rii pozi\u021biilor juridice, ci \u0219i \u00een\u021belegerii contextelor economice \u0219i de afaceri, pentru a ob\u021bine solu\u021bii echilibrate. Dac\u0103 este necesar, colabor\u0103m cu al\u021bi avoca\u021bi, avoca\u021bi specializa\u021bi, notari \u0219i profesioni\u0219ti din domenii complementare.\n<\/p>\n<p style=\"text-align: justify;\"> Pentru companii \u0219i liber-profesioni\u0219ti, cabinetul deruleaz\u0103<br \/>\n  <strong>proceduri de soma\u021bie \u0219i executare silit\u0103<\/strong>.\n<\/p>\n<p style=\"text-align: justify;\"> Datorit\u0103 e-mailului, faxului \u0219i telefonului, gestionarea mandatelor la nivel na\u021bional este posibil\u0103 f\u0103r\u0103 probleme.\n<\/p>\n<p><\/p>","protected":false},"excerpt":{"rendered":"<p>Bine a\u021bi venit pe paginile cabinetului de avocatur\u0103 Bohn! Cabinetul de avocatur\u0103 Bohn este specializat \u00een dreptul familiei, dreptul muncii, dreptul mo\u0219tenirilor, sprijinul parental, dreptul imobiliar \u0219i al propriet\u0103\u021bii, precum \u0219i \u00een dreptul tutel\u0103. \u00cen alte domenii juridice, v\u0103 putem &hellip; <a href=\"https:\/\/bohn-kanzlei.de\/ro\/\">Continu\u0103 s\u0103 cite\u0219ti <span class=\"meta-nav\">&rarr;<\/span><\/a><\/p>\n","protected":false},"author":1,"featured_media":0,"parent":0,"menu_order":0,"comment_status":"closed","ping_status":"closed","template":"sidebar-page.php","meta":{"footnotes":""},"class_list":["post-2","page","type-page","status-publish","hentry"],"aioseo_notices":[],"_links":{"self":[{"href":"https:\/\/bohn-kanzlei.de\/ro\/wp-json\/wp\/v2\/pages\/2","targetHints":{"allow":["GET"]}}],"collection":[{"href":"https:\/\/bohn-kanzlei.de\/ro\/wp-json\/wp\/v2\/pages"}],"about":[{"href":"https:\/\/bohn-kanzlei.de\/ro\/wp-json\/wp\/v2\/types\/page"}],"author":[{"embeddable":true,"href":"https:\/\/bohn-kanzlei.de\/ro\/wp-json\/wp\/v2\/users\/1"}],"replies":[{"embeddable":true,"href":"https:\/\/bohn-kanzlei.de\/ro\/wp-json\/wp\/v2\/comments?post=2"}],"version-history":[{"count":73,"href":"https:\/\/bohn-kanzlei.de\/ro\/wp-json\/wp\/v2\/pages\/2\/revisions"}],"predecessor-version":[{"id":1626,"href":"https:\/\/bohn-kanzlei.de\/ro\/wp-json\/wp\/v2\/pages\/2\/revisions\/1626"}],"wp:attachment":[{"href":"https:\/\/bohn-kanzlei.de\/ro\/wp-json\/wp\/v2\/media?parent=2"}],"curies":[{"name":"wp","href":"https:\/\/api.w.org\/{rel}","templated":true}]}}