{"id":20,"date":"2012-05-05T10:32:23","date_gmt":"2012-05-05T08:32:23","guid":{"rendered":"http:\/\/bohn-kanzlei.de\/?page_id=20"},"modified":"2017-07-12T14:09:48","modified_gmt":"2017-07-12T12:09:48","slug":"anfahrt","status":"publish","type":"page","link":"https:\/\/bohn-kanzlei.de\/ro\/kontakt\/anfahrt","title":{"rendered":"Anfahrt"},"content":{"rendered":"<p><\/p>\n<p style=\"text-align: justify;\"><strong>Die Anwaltskanzlei Bohn befindet sich in Gersthofen und Kissing\u00a0sowie in zentraler Innenstadtlage in Augsburg. <\/strong><\/p>\n<p><strong>Kanzleistandort Gersthofen:\u00a0 <a href=\"http:\/\/bohn-kanzlei.de\/wp-content\/uploads\/2015\/10\/Bahnhofstr-5b.png\"><img loading=\"lazy\" decoding=\"async\" class=\"alignright wp-image-707 size-medium\" title=\"Anfahrt Bahnhofstr-5b\" src=\"http:\/\/bohn-kanzlei.de\/wp-content\/uploads\/2015\/10\/Bahnhofstr-5b-300x278.png\" alt=\"\" width=\"300\" height=\"278\" srcset=\"https:\/\/bohn-kanzlei.de\/wp-content\/uploads\/2015\/10\/Bahnhofstr-5b-300x278.png 300w, https:\/\/bohn-kanzlei.de\/wp-content\/uploads\/2015\/10\/Bahnhofstr-5b-324x300.png 324w, https:\/\/bohn-kanzlei.de\/wp-content\/uploads\/2015\/10\/Bahnhofstr-5b.png 478w\" sizes=\"auto, (max-width: 300px) 100vw, 300px\" \/><\/a><\/strong><\/p>\n<p>Bahnhofstra\u00dfe 5 b<br \/>\n(beim City-Center)<br \/>\n86368 Gersthofen<\/p>\n<p>Tel.:\u00a0 0821 \/ 508 949 30<br \/>\nFax:\u00a0 0821 \/ 508 949 31<\/p>\n<p>Der Kanzleistandort der Rechtsanwaltskanzlei Bohn in Gersthofen befinden sich beim City-Center. Den Hausaufgang finden Sie gegen\u00fcber vom Rathaus (von dort gesehen) direkt links neben der B\u00e4ckerei IHLE. Die Kanzleir\u00e4ume im 3. OG k\u00f6nnen Sie bequem mit dem\u00a0Lift oder dem Treppenaufgang erreichen.\u00a0Die verkehrsg\u00fcnstige Lage und die kostenlosen Parkm\u00f6glichkeiten erm\u00f6glichen einen reibungslosen Besuch unserer Kanzlei.<\/p>\n<p><strong><br \/>\nKanzleistandort Kissing:\u00a0 <a href=\"http:\/\/bohn-kanzlei.de\/wp-content\/uploads\/2012\/10\/Anfahrt-Waldweg.jpg\"><img loading=\"lazy\" decoding=\"async\" class=\"alignright size-medium wp-image-210\" title=\"Anfahrt Waldweg\" src=\"http:\/\/bohn-kanzlei.de\/wp-content\/uploads\/2012\/10\/Anfahrt-Waldweg-300x291.jpg\" alt=\"\" width=\"300\" height=\"291\" srcset=\"https:\/\/bohn-kanzlei.de\/wp-content\/uploads\/2012\/10\/Anfahrt-Waldweg-300x291.jpg 300w, https:\/\/bohn-kanzlei.de\/wp-content\/uploads\/2012\/10\/Anfahrt-Waldweg-309x300.jpg 309w, https:\/\/bohn-kanzlei.de\/wp-content\/uploads\/2012\/10\/Anfahrt-Waldweg.jpg 600w\" sizes=\"auto, (max-width: 300px) 100vw, 300px\" \/><\/a><\/strong><\/p>\n<p>Waldweg 10<br \/>\n86438 Kissing<\/p>\n<p>Tel.:\u00a0 08233 \/ 7957475<br \/>\nFax:\u00a0 08233 \/ 847426<\/p>\n<p style=\"text-align: justify;\">Der Kanzleistandort Kissing der Rechtsanwaltskanzlei Bohn befindet sich im Neubaugebiet Kissing-Nord. Die verkehrsg\u00fcnstige Lage und die kostenlosen Parkm\u00f6glichkeiten direkt vor dem Geb\u00e4ude machen den Besuch in unserer Kanzlei in Kissing insbesondere f\u00fcr Mandanten aus dem Bereich Kissing, Mering, Friedberg und Umgebung besonders angenehm.<\/p>\n<p><strong><br \/>\nB\u00fcrostandort Augsburg:<a href=\"http:\/\/bohn-kanzlei.de\/wp-content\/uploads\/2012\/10\/Anfahrt-Konrad-Adenauer-Alle.jpg\"><img loading=\"lazy\" decoding=\"async\" class=\"alignright size-medium wp-image-209\" title=\"Anfahrt Konrad-Adenauer-Alle\" src=\"http:\/\/bohn-kanzlei.de\/wp-content\/uploads\/2012\/10\/Anfahrt-Konrad-Adenauer-Alle-272x300.jpg\" alt=\"\" width=\"272\" height=\"300\" srcset=\"https:\/\/bohn-kanzlei.de\/wp-content\/uploads\/2012\/10\/Anfahrt-Konrad-Adenauer-Alle-272x300.jpg 272w, https:\/\/bohn-kanzlei.de\/wp-content\/uploads\/2012\/10\/Anfahrt-Konrad-Adenauer-Alle.jpg 598w\" sizes=\"auto, (max-width: 272px) 100vw, 272px\" \/><\/a><\/strong><\/p>\n<p>Konrad-Adenauer-Allee 25<br \/>\n86150 Augsburg<\/p>\n<p>Tel.:\u00a0 0821 \/\u00a050894930<br \/>\nFax:\u00a0 0821 \/ 50894931<\/p>\n<p style=\"text-align: justify;\">Der Kanzleistandort Augsburg unserer Anwaltskanzlei befindet sich im\u00a0Herzen von Augsburg, in unmittelbarer N\u00e4he zum K\u00f6nigsplatz.<br \/>\nMit den \u00f6ffentlichen Verkehrsmitteln erreichen Sie unsere Kanzlei \u00fcber die Haltestelle &#8222;K\u00f6nigsplatz&#8221;, die von verschiedenen Bus- und Stra\u00dfenbahnlinien angefahren wird.<\/p>\n<p style=\"text-align: justify;\">Wenige Meter von unserer Kanzlei entfernt befinden sich folgende Parkh\u00e4user:<\/p>\n<p>Parkhaus Stadtsparkasse Augsburg \/ City Bowling<br \/>\nEinfahrt: Halderstra\u00dfe 5<\/p>\n<p>Parkhaus Annahofgarage<br \/>\nEinfahrt: Fuggerstra\u00dfe<\/p>\n<p style=\"text-align: justify;\">Parkhaus Maximilianstra\u00dfe<br \/>\nHotel Steigenberger Drei Mohren<br \/>\nEinfahrt: Katharinengasse<\/p>\n<p>Parkhaus Kr\u00f6ll &amp; Nill<br \/>\nEinfahrt: Bleig\u00e4\u00dfchen<\/p>\n<p>Parkm\u00f6glichkeiten befinden sich ebenfalls\u00a0in\u00a0der Konrad-Adenauer-Allee\u00a0und in der Hallstra\u00dfe (Parkschein).<\/p>","protected":false},"excerpt":{"rendered":"<p>Die Anwaltskanzlei Bohn befindet sich in Gersthofen und Kissing\u00a0sowie in zentraler Innenstadtlage in Augsburg. Kanzleistandort Gersthofen:\u00a0 Bahnhofstra\u00dfe 5 b (beim City-Center) 86368 Gersthofen Tel.:\u00a0 0821 \/ 508 949 30 Fax:\u00a0 0821 \/ 508 949 31 Der Kanzleistandort der Rechtsanwaltskanzlei Bohn &hellip; <a href=\"https:\/\/bohn-kanzlei.de\/ro\/kontakt\/anfahrt\">Continu\u0103 s\u0103 cite\u0219ti <span class=\"meta-nav\">&rarr;<\/span><\/a><\/p>\n","protected":false},"author":1,"featured_media":0,"parent":18,"menu_order":4,"comment_status":"closed","ping_status":"closed","template":"","meta":{"footnotes":""},"class_list":["post-20","page","type-page","status-publish","hentry"],"aioseo_notices":[],"_links":{"self":[{"href":"https:\/\/bohn-kanzlei.de\/ro\/wp-json\/wp\/v2\/pages\/20","targetHints":{"allow":["GET"]}}],"collection":[{"href":"https:\/\/bohn-kanzlei.de\/ro\/wp-json\/wp\/v2\/pages"}],"about":[{"href":"https:\/\/bohn-kanzlei.de\/ro\/wp-json\/wp\/v2\/types\/page"}],"author":[{"embeddable":true,"href":"https:\/\/bohn-kanzlei.de\/ro\/wp-json\/wp\/v2\/users\/1"}],"replies":[{"embeddable":true,"href":"https:\/\/bohn-kanzlei.de\/ro\/wp-json\/wp\/v2\/comments?post=20"}],"version-history":[{"count":23,"href":"https:\/\/bohn-kanzlei.de\/ro\/wp-json\/wp\/v2\/pages\/20\/revisions"}],"predecessor-version":[{"id":944,"href":"https:\/\/bohn-kanzlei.de\/ro\/wp-json\/wp\/v2\/pages\/20\/revisions\/944"}],"up":[{"embeddable":true,"href":"https:\/\/bohn-kanzlei.de\/ro\/wp-json\/wp\/v2\/pages\/18"}],"wp:attachment":[{"href":"https:\/\/bohn-kanzlei.de\/ro\/wp-json\/wp\/v2\/media?parent=20"}],"curies":[{"name":"wp","href":"https:\/\/api.w.org\/{rel}","templated":true}]}}