{"id":214,"date":"2012-10-28T15:47:43","date_gmt":"2012-10-28T14:47:43","guid":{"rendered":"http:\/\/bohn-kanzlei.de\/?page_id=214"},"modified":"2022-04-18T19:52:38","modified_gmt":"2022-04-18T17:52:38","slug":"grundstucks-und-immobilienrecht","status":"publish","type":"page","link":"https:\/\/bohn-kanzlei.de\/ro\/fachgebiete\/grundstucks-und-immobilienrecht","title":{"rendered":"Grundst\u00fccks- und Immobilienrecht"},"content":{"rendered":"<p>Wir beraten und vertreten Sie zu allen rechtlichen Fragen bei einer geplanten Verm\u00f6gens\u00fcbertragung.<\/p>\n<p><strong>Lassen Sie sich deshalb fr\u00fchzeitig und kompetent beraten zum Thema: <\/strong><\/p>\n<ul>\n<li>Lebzeitige Verm\u00f6gens\u00fcbertragung<\/li>\n<li>Verm\u00f6gensauseinandersetzung bei Trennung und Scheidung<\/li>\n<li>Trennungs- und Scheidungsfolgenvereinbarung<\/li>\n<li>Immobilien- und Grundst\u00fccks\u00fcbertragung<\/li>\n<li>\u00dcberlassungsvertr\u00e4ge<\/li>\n<li>Erbrechtliche Gestaltung<\/li>\n<li>Wohnrecht, Nie\u00dfbrauch und Leibgeding, Wart und Pflege<\/li>\n<\/ul>\n<p>Immobilien und Verm\u00f6gens\u00fcbertragungen zu Lebzeiten k\u00f6nnen oft aus verschiedenen Gr\u00fcnden die bessere wirtschaftliche L\u00f6sung sein als im Rahmen einer erbrechtlichen Gestaltung. \u00a0Durch rechtzeitige lebzeitige Verm\u00f6gens\u00fcbertragung kann, im Fall der Aufnahme eines Elternteils im Pflegeheim, die Inanspruchnahme durch den Sozialleistungstr\u00e4ger verringert oder vermieden werden.<\/p>\n<p>Bei der Beratung wird insbesondere auf die verschiedenen Gestaltungsm\u00f6glichkeiten bei der \u00dcbertragung der Immobilie wie z.B. Wohnrecht und Nie\u00dfbrauch hingewiesen, ebenso auf m\u00f6gliche (finanzielle) Folgen f\u00fcr den Beg\u00fcnstigten im Falle einer Inanspruchnahme durch den Sozialhilfetr\u00e4ger.<\/p>\n<p>Zu unserem Leistungsspektrum geh\u00f6rt ebenfalls, wenn es im Zusammenhang mit einer Eheschlie\u00dfung sowie einer Trennung oder Ehescheidung zu Fragestellungen bez\u00fcglich einer gemeinsamen Immobilie oder der Immobilie eines Ehepartners kommt.<\/p>\n<p>Soweit vor der Eheschlie\u00dfung ungleiche Verm\u00f6gensverh\u00e4ltnisse vorliegen, kann es sinnvoll sein im Rahmen eines Ehevertrages\u00a0Regelungen f\u00fcr den Fall des Scheiterns der Ehe zu treffen.<\/p>\n<p>Im Falle einer Trennung oder Ehescheidung ist es erfahrungsgem\u00e4\u00df empfehlenswert, eine Trennungs- und Scheidungsfolgenvereinbarung zu schlie\u00dfen, die auch eine Zuordnung der Immobilien und Verm\u00f6genswerte beinhaltet. Zu allen hierbei auftretenden Fragen beraten wir Sie gerne umfassend und kompetent.<\/p>\n","protected":false},"excerpt":{"rendered":"<p>Wir beraten und vertreten Sie zu allen rechtlichen Fragen bei einer geplanten Verm\u00f6gens\u00fcbertragung. Lassen Sie sich deshalb fr\u00fchzeitig und kompetent beraten zum Thema: Lebzeitige Verm\u00f6gens\u00fcbertragung Verm\u00f6gensauseinandersetzung bei Trennung und Scheidung Trennungs- und Scheidungsfolgenvereinbarung Immobilien- und Grundst\u00fccks\u00fcbertragung \u00dcberlassungsvertr\u00e4ge Erbrechtliche Gestaltung Wohnrecht, &hellip; <a href=\"https:\/\/bohn-kanzlei.de\/ro\/fachgebiete\/grundstucks-und-immobilienrecht\">Continu\u0103 s\u0103 cite\u0219ti <span class=\"meta-nav\">&rarr;<\/span><\/a><\/p>\n","protected":false},"author":1,"featured_media":0,"parent":12,"menu_order":5,"comment_status":"closed","ping_status":"closed","template":"sidebar-page.php","meta":{"footnotes":""},"class_list":["post-214","page","type-page","status-publish","hentry"],"aioseo_notices":[],"_links":{"self":[{"href":"https:\/\/bohn-kanzlei.de\/ro\/wp-json\/wp\/v2\/pages\/214","targetHints":{"allow":["GET"]}}],"collection":[{"href":"https:\/\/bohn-kanzlei.de\/ro\/wp-json\/wp\/v2\/pages"}],"about":[{"href":"https:\/\/bohn-kanzlei.de\/ro\/wp-json\/wp\/v2\/types\/page"}],"author":[{"embeddable":true,"href":"https:\/\/bohn-kanzlei.de\/ro\/wp-json\/wp\/v2\/users\/1"}],"replies":[{"embeddable":true,"href":"https:\/\/bohn-kanzlei.de\/ro\/wp-json\/wp\/v2\/comments?post=214"}],"version-history":[{"count":10,"href":"https:\/\/bohn-kanzlei.de\/ro\/wp-json\/wp\/v2\/pages\/214\/revisions"}],"predecessor-version":[{"id":1293,"href":"https:\/\/bohn-kanzlei.de\/ro\/wp-json\/wp\/v2\/pages\/214\/revisions\/1293"}],"up":[{"embeddable":true,"href":"https:\/\/bohn-kanzlei.de\/ro\/wp-json\/wp\/v2\/pages\/12"}],"wp:attachment":[{"href":"https:\/\/bohn-kanzlei.de\/ro\/wp-json\/wp\/v2\/media?parent=214"}],"curies":[{"name":"wp","href":"https:\/\/api.w.org\/{rel}","templated":true}]}}