{"id":34,"date":"2012-05-05T11:03:54","date_gmt":"2012-05-05T09:03:54","guid":{"rendered":"http:\/\/bohn-kanzlei.de\/?page_id=34"},"modified":"2022-04-18T18:53:13","modified_gmt":"2022-04-18T16:53:13","slug":"familien-und-scheidungsrecht","status":"publish","type":"page","link":"https:\/\/bohn-kanzlei.de\/ro\/fachgebiete\/familien-und-scheidungsrecht","title":{"rendered":"Familienrecht"},"content":{"rendered":"<p>Unsere Kanzlei ist im Bereich Familienrecht spezialisiert. Wir beraten und vertreten Sie au\u00dfergerichtlich wie gerichtlich in allen anstehenden familienrechtlichen Angelegenheiten.<\/p>\n<p><strong>Lassen Sie sich deshalb fr\u00fchzeitig und kompetent beraten zu: <\/strong><\/p>\n<ul>\n<li>Trennung und Scheidung<\/li>\n<li>Ehevertrag und zur Scheidungsfolgenvereinbarung<\/li>\n<li>Scheidungsrecht (einvernehmliche Ehescheidung, Unternehmerscheidung, Scheidung auch mit hohen Verm\u00f6genswerten)<\/li>\n<li>Unterhaltsrecht (Ehegattenunterhalt, Kindesunterhalt)<\/li>\n<li>G\u00fcterrecht: Zugewinn, G\u00fctertrennung, (modifizierte) Zugewinngemeinschaft<\/li>\n<li>Recht der Verm\u00f6gensauseinandersetzung<\/li>\n<\/ul>\n<p>Die Vorbereitung und Erstellung von Ehevertr\u00e4gen und Scheidungsfolgenvereinbarungen geh\u00f6rt zu unserem Angebot. Ein Schwerpunkt unserer T\u00e4tigkeit im Familienrecht ist die Beratung bei Trennung und Scheidung.<\/p>\n<p>Durch eine fr\u00fchzeitige Beratung k\u00f6nnen Sie hierbei viele Unannehmlichkeiten vermeiden. In vielen F\u00e4llen kann durch eine rechtzeitige und gezielte anwaltliche Beratung ein erheblicher Teil der Kosten, im Zusammenhang mit Problemen in der Trennungsphase und w\u00e4hrend des Scheidungsverfahrens, eingespart werden. Wir beraten Sie auch gerne bei der Durchf\u00fchrung einer einvernehmlichen Ehescheidung.<\/p>\n<p>Die Verm\u00f6gensauseinandersetzung der Eheleute im Falle einer Scheidung gestaltet sich oft schwierig. Bei der h\u00e4ufig n\u00f6tigen Ermittlung des jeweiligen Zugewinns der Ehegatten m\u00fcssen viele Unterlagen eingesehen, gepr\u00fcft und gewertet werden. Hierbei ist eine fr\u00fchzeitige anwaltliche Vertretung oft der beste und sicherste Weg.<\/p>\n<p>Insbesondere in Fragen des Unterhaltsrechts ist eine umfassende juristische Beratung notwendig. Auf Grund der komplizierten Regelungen des Unterhaltsrechts, besteht oft die Gefahr, dass der Unterhaltsverpflichtete zu lange oder zu viel Unterhalt\u00a0zahlt, oder dass der Unterhaltsberechtigte \u2013 ohne es zu wissen \u2013 berechtigte Anspr\u00fcche verliert, deren nachtr\u00e4gliche Geltendmachung h\u00e4ufig unm\u00f6glich wird.<\/p>\n<p><strong>Stichworte: <\/strong><\/p>\n<ul>\n<li>Scheidungsfolgenvereinbarung<\/li>\n<li>Ehevertrag<\/li>\n<li>Scheidungsrecht (einvernehmliche Ehescheidung, Unternehmerscheidung, Scheidung auch mit hohen Verm\u00f6genswerten)<\/li>\n<li>Unterhaltsrecht (Ehegattenunterhalt, Kindesunterhalt)<\/li>\n<li>G\u00fcterrecht: Zugewinn, G\u00fctertrennung, (modifizierte) Zugewinngemeinschaft<\/li>\n<li>Recht der Verm\u00f6gensauseinandersetzung<\/li>\n<\/ul>\n","protected":false},"excerpt":{"rendered":"<p>Unsere Kanzlei ist im Bereich Familienrecht spezialisiert. Wir beraten und vertreten Sie au\u00dfergerichtlich wie gerichtlich in allen anstehenden familienrechtlichen Angelegenheiten. Lassen Sie sich deshalb fr\u00fchzeitig und kompetent beraten zu: Trennung und Scheidung Ehevertrag und zur Scheidungsfolgenvereinbarung Scheidungsrecht (einvernehmliche Ehescheidung, Unternehmerscheidung, &hellip; <a href=\"https:\/\/bohn-kanzlei.de\/ro\/fachgebiete\/familien-und-scheidungsrecht\">Continu\u0103 s\u0103 cite\u0219ti <span class=\"meta-nav\">&rarr;<\/span><\/a><\/p>\n","protected":false},"author":1,"featured_media":0,"parent":12,"menu_order":1,"comment_status":"closed","ping_status":"closed","template":"sidebar-page.php","meta":{"footnotes":""},"class_list":["post-34","page","type-page","status-publish","hentry"],"aioseo_notices":[],"_links":{"self":[{"href":"https:\/\/bohn-kanzlei.de\/ro\/wp-json\/wp\/v2\/pages\/34","targetHints":{"allow":["GET"]}}],"collection":[{"href":"https:\/\/bohn-kanzlei.de\/ro\/wp-json\/wp\/v2\/pages"}],"about":[{"href":"https:\/\/bohn-kanzlei.de\/ro\/wp-json\/wp\/v2\/types\/page"}],"author":[{"embeddable":true,"href":"https:\/\/bohn-kanzlei.de\/ro\/wp-json\/wp\/v2\/users\/1"}],"replies":[{"embeddable":true,"href":"https:\/\/bohn-kanzlei.de\/ro\/wp-json\/wp\/v2\/comments?post=34"}],"version-history":[{"count":18,"href":"https:\/\/bohn-kanzlei.de\/ro\/wp-json\/wp\/v2\/pages\/34\/revisions"}],"predecessor-version":[{"id":1249,"href":"https:\/\/bohn-kanzlei.de\/ro\/wp-json\/wp\/v2\/pages\/34\/revisions\/1249"}],"up":[{"embeddable":true,"href":"https:\/\/bohn-kanzlei.de\/ro\/wp-json\/wp\/v2\/pages\/12"}],"wp:attachment":[{"href":"https:\/\/bohn-kanzlei.de\/ro\/wp-json\/wp\/v2\/media?parent=34"}],"curies":[{"name":"wp","href":"https:\/\/api.w.org\/{rel}","templated":true}]}}