{"id":37,"date":"2012-05-05T11:04:36","date_gmt":"2012-05-05T09:04:36","guid":{"rendered":"http:\/\/bohn-kanzlei.de\/?page_id=37"},"modified":"2022-04-18T19:51:26","modified_gmt":"2022-04-18T17:51:26","slug":"arbeitsrecht","status":"publish","type":"page","link":"https:\/\/bohn-kanzlei.de\/ro\/fachgebiete\/arbeitsrecht","title":{"rendered":"Arbeitsrecht"},"content":{"rendered":"<p>Gerne beraten und vertreten wir Sie im Falle einer <strong>K\u00fcndigungsschutzklage<\/strong>.<\/p>\n<p>Sollte zur Durchsetzung Ihrer Interessen eine <strong>Klage <\/strong>wegen einer K\u00fcndigung oder die Verteidigung gegen einen K\u00fcndigungsschutzprozesse erforderlich sein, vertreten wir Sie vor allen Arbeits- und Landesarbeitsgerichten sowie vor dem Bundesarbeitsgericht.<\/p>\n<p><strong>K\u00fcndigungsschutzverfahren<\/strong> bereiten wir gr\u00fcndlich vor und besprechen alle Entscheidungen vorab, um einen f\u00fcr unsere Auftraggeber juristisch und wirtschaftlich optimalen Verfahrensverlauf zu gew\u00e4hrleisten. Dazu geh\u00f6rt die fr\u00fchzeitige Sammlung von Informationen.<\/p>\n<p>Wir bieten Ihnen auch eine Vorabpr\u00fcfung Ihrer Unterlagen an, um auf diese Weise die Erfolgsaussichten rechtlich und wirschaftlich einzusch\u00e4tzen.<\/p>\n","protected":false},"excerpt":{"rendered":"<p>Gerne beraten und vertreten wir Sie im Falle einer K\u00fcndigungsschutzklage. Sollte zur Durchsetzung Ihrer Interessen eine Klage wegen einer K\u00fcndigung oder die Verteidigung gegen einen K\u00fcndigungsschutzprozesse erforderlich sein, vertreten wir Sie vor allen Arbeits- und Landesarbeitsgerichten sowie vor dem Bundesarbeitsgericht. &hellip; <a href=\"https:\/\/bohn-kanzlei.de\/ro\/fachgebiete\/arbeitsrecht\">Continu\u0103 s\u0103 cite\u0219ti <span class=\"meta-nav\">&rarr;<\/span><\/a><\/p>\n","protected":false},"author":1,"featured_media":0,"parent":12,"menu_order":2,"comment_status":"closed","ping_status":"closed","template":"sidebar-page.php","meta":{"footnotes":""},"class_list":["post-37","page","type-page","status-publish","hentry"],"aioseo_notices":[],"_links":{"self":[{"href":"https:\/\/bohn-kanzlei.de\/ro\/wp-json\/wp\/v2\/pages\/37","targetHints":{"allow":["GET"]}}],"collection":[{"href":"https:\/\/bohn-kanzlei.de\/ro\/wp-json\/wp\/v2\/pages"}],"about":[{"href":"https:\/\/bohn-kanzlei.de\/ro\/wp-json\/wp\/v2\/types\/page"}],"author":[{"embeddable":true,"href":"https:\/\/bohn-kanzlei.de\/ro\/wp-json\/wp\/v2\/users\/1"}],"replies":[{"embeddable":true,"href":"https:\/\/bohn-kanzlei.de\/ro\/wp-json\/wp\/v2\/comments?post=37"}],"version-history":[{"count":12,"href":"https:\/\/bohn-kanzlei.de\/ro\/wp-json\/wp\/v2\/pages\/37\/revisions"}],"predecessor-version":[{"id":1290,"href":"https:\/\/bohn-kanzlei.de\/ro\/wp-json\/wp\/v2\/pages\/37\/revisions\/1290"}],"up":[{"embeddable":true,"href":"https:\/\/bohn-kanzlei.de\/ro\/wp-json\/wp\/v2\/pages\/12"}],"wp:attachment":[{"href":"https:\/\/bohn-kanzlei.de\/ro\/wp-json\/wp\/v2\/media?parent=37"}],"curies":[{"name":"wp","href":"https:\/\/api.w.org\/{rel}","templated":true}]}}