{"id":39,"date":"2012-05-05T11:06:25","date_gmt":"2012-05-05T09:06:25","guid":{"rendered":"http:\/\/bohn-kanzlei.de\/?page_id=39"},"modified":"2022-04-18T19:45:30","modified_gmt":"2022-04-18T17:45:30","slug":"erbrecht-und-vermoegensnachfolge","status":"publish","type":"page","link":"https:\/\/bohn-kanzlei.de\/ro\/fachgebiete\/erbrecht-und-vermoegensnachfolge","title":{"rendered":"Erbrecht"},"content":{"rendered":"<p>Gerne beraten wir Sie umfassend und individuell in allen erbrechtlichen Angelegenheiten von der Erstellung einer Nachlassplanung bis hin zu Erbauseinandersetzungen. Wir vertreten Sie auch bei lebzeitigen Immobilien\u00fcbertragungen und erarbeiten mit Ihnen zusammen die Gestaltung einer\u00a0lebzeitigen\u00a0Verm\u00f6gens\u00fcbertragung.<\/p>\n<p><strong>Lassen Sie sich deshalb fr\u00fchzeitig und kompetent beraten in folgenden Angelegenheiten:\u00a0 <\/strong><\/p>\n<ul>\n<li>Geltendmachung und Durchsetzung von Pflichtteilsanspr\u00fcchen<\/li>\n<li>Geltendmachung und Durchsetzung von Erbanspr\u00fcchen<\/li>\n<li>Auseinandersetzung von Erbengemeinschaften (auch mit hohen Verm\u00f6genswerten, Immobilienverm\u00f6gen &amp; Auslandsimmobilien)<\/li>\n<li>Testamentsvollstreckung<\/li>\n<li>Vorweggenommene Erbfolge<\/li>\n<li>Lebzeitige Immobilien\u00fcbertragung<\/li>\n<li>Lebzeitige Verm\u00f6gens\u00fcbertragung<\/li>\n<li>Schonverm\u00f6gen<\/li>\n<\/ul>\n<p>Durch eine rechtzeitige\u00a0 Verm\u00f6gens\u00fcbertragung zu Lebzeiten, auf die eigenen Kinder oder Enkelkinder, kann im Fall einer Aufnahme im Pflegeheim die Inanspruchnahme durch den Sozialleistungstr\u00e4ger verringert oder vermieden werden.<\/p>\n<p>In Fragen der Inanspruchnahme durch den Sozialhilfetr\u00e4ger ist eine fr\u00fchzeitige und umfassende juristische Beratung notwendig. Auf Grund der komplizierten Regelungen im Rahmen der Schnittstelle zwischen Unterhaltsrecht und Sozialrecht, besteht oft die Gefahr f\u00fcr den Pflegebed\u00fcrftigen falsche Entscheidungen zu treffen, so dass nach einem l\u00e4ngerfristigen Pflegeheimaufenthalt\u00a0 kein Verm\u00f6gen mehr vorhanden ist, welches nach dem Tod \u00fcbertragen werden kann.<\/p>\n","protected":false},"excerpt":{"rendered":"<p>Gerne beraten wir Sie umfassend und individuell in allen erbrechtlichen Angelegenheiten von der Erstellung einer Nachlassplanung bis hin zu Erbauseinandersetzungen. Wir vertreten Sie auch bei lebzeitigen Immobilien\u00fcbertragungen und erarbeiten mit Ihnen zusammen die Gestaltung einer\u00a0lebzeitigen\u00a0Verm\u00f6gens\u00fcbertragung. Lassen Sie sich deshalb fr\u00fchzeitig &hellip; <a href=\"https:\/\/bohn-kanzlei.de\/ro\/fachgebiete\/erbrecht-und-vermoegensnachfolge\">Continu\u0103 s\u0103 cite\u0219ti <span class=\"meta-nav\">&rarr;<\/span><\/a><\/p>\n","protected":false},"author":1,"featured_media":0,"parent":12,"menu_order":3,"comment_status":"closed","ping_status":"closed","template":"sidebar-page.php","meta":{"footnotes":""},"class_list":["post-39","page","type-page","status-publish","hentry"],"aioseo_notices":[],"_links":{"self":[{"href":"https:\/\/bohn-kanzlei.de\/ro\/wp-json\/wp\/v2\/pages\/39","targetHints":{"allow":["GET"]}}],"collection":[{"href":"https:\/\/bohn-kanzlei.de\/ro\/wp-json\/wp\/v2\/pages"}],"about":[{"href":"https:\/\/bohn-kanzlei.de\/ro\/wp-json\/wp\/v2\/types\/page"}],"author":[{"embeddable":true,"href":"https:\/\/bohn-kanzlei.de\/ro\/wp-json\/wp\/v2\/users\/1"}],"replies":[{"embeddable":true,"href":"https:\/\/bohn-kanzlei.de\/ro\/wp-json\/wp\/v2\/comments?post=39"}],"version-history":[{"count":15,"href":"https:\/\/bohn-kanzlei.de\/ro\/wp-json\/wp\/v2\/pages\/39\/revisions"}],"predecessor-version":[{"id":1280,"href":"https:\/\/bohn-kanzlei.de\/ro\/wp-json\/wp\/v2\/pages\/39\/revisions\/1280"}],"up":[{"embeddable":true,"href":"https:\/\/bohn-kanzlei.de\/ro\/wp-json\/wp\/v2\/pages\/12"}],"wp:attachment":[{"href":"https:\/\/bohn-kanzlei.de\/ro\/wp-json\/wp\/v2\/media?parent=39"}],"curies":[{"name":"wp","href":"https:\/\/api.w.org\/{rel}","templated":true}]}}