{"id":49,"date":"2012-05-05T11:20:40","date_gmt":"2012-05-05T09:20:40","guid":{"rendered":"http:\/\/bohn-kanzlei.de\/?page_id=49"},"modified":"2016-11-16T21:42:56","modified_gmt":"2016-11-16T20:42:56","slug":"kosten","status":"publish","type":"page","link":"https:\/\/bohn-kanzlei.de\/ro\/kosten","title":{"rendered":"Kosten"},"content":{"rendered":"<p>Unsere Honorare richten sich nach der Art des Mandates.<\/p>\n<p style=\"text-align: justify;\">Soweit nichts anderes vereinbart, gilt die gesetzliche Geb\u00fchrenordnung (Rechtsanwaltsverg\u00fctungsgesetz). Die H\u00f6he einer Geb\u00fchr richtet sich nach dem Streit- oder Gegenstandswert sowie dem Umfang der T\u00e4tigkeit.<\/p>\n<p style=\"text-align: justify;\">In gerichtlichen Auseinandersetzungen sind wir gesetzlich verpflichtet, mindestens die nach dem Rechtsanwaltsverg\u00fctungsgesetz geschuldeten Geb\u00fchren abzurechnen.<\/p>\n<p style=\"text-align: justify;\">In au\u00dfergerichtlichen Angelegenheiten sind wir gerne bereit, mit Ihnen je nach Fallgestaltung eine individuelle Honorarvereinbarung auf der Basis eines Stunden- oder<br \/>\nPauschalhonorars zu vereinbaren.<\/p>\n<p style=\"text-align: justify;\">F\u00fcr eine erste Beratung werden maximal 190,00 \u20ac zuz\u00fcglich der gesetzlichen Mehrwertsteuer angesetzt.<\/p>\n<h1 style=\"text-align: justify;\"><strong>Eine erste Kontaktaufnahme \u00fcber Telefon oder per E-Mail ist unverbindlich und kostenlos. <\/strong><\/h1>\n<p style=\"text-align: justify;\">Selbstverst\u00e4ndlich beraten wir Sie jeweils vorab zu den anfallenden Kosten unserer T\u00e4tigkeit.<\/p>\n<p style=\"text-align: justify;\">Soweit eine Rechtsschutzversicherung besteht, empfehlen wir, vorab zu kl\u00e4ren, ob f\u00fcr den konkreten Sachverhalt Deckungsschutz gew\u00e4hrt wird und ob eine Selbstbeteiligung vereinbart ist.<\/p>\n<p><strong>Prozesskostenhilfe<\/strong><\/p>\n<p style=\"text-align: justify;\">In einem gerichtlichen Prozess besteht die M\u00f6glichkeit, Prozesskostenhilfe zu beantragen, wenn Sie nicht in der Lage sind, f\u00fcr die Prozesskosten aufzukommen. Die Gew\u00e4hrung der Prozesskostenhilfe entbindet Sie jedoch nicht von einer Erstattung der Anwaltskosten f\u00fcr die gegnerische Partei, sollte der Prozess (zum Teil) verloren werden. Setzt das Gericht Raten fest, m\u00fcssen Sie maximal 48 der festgesetzten Monatsraten bezahlen.<\/p>\n<p>&nbsp;<\/p>","protected":false},"excerpt":{"rendered":"<p>Unsere Honorare richten sich nach der Art des Mandates. Soweit nichts anderes vereinbart, gilt die gesetzliche Geb\u00fchrenordnung (Rechtsanwaltsverg\u00fctungsgesetz). Die H\u00f6he einer Geb\u00fchr richtet sich nach dem Streit- oder Gegenstandswert sowie dem Umfang der T\u00e4tigkeit. In gerichtlichen Auseinandersetzungen sind wir gesetzlich &hellip; <a href=\"https:\/\/bohn-kanzlei.de\/ro\/kosten\">Continu\u0103 s\u0103 cite\u0219ti <span class=\"meta-nav\">&rarr;<\/span><\/a><\/p>\n","protected":false},"author":1,"featured_media":0,"parent":0,"menu_order":5,"comment_status":"closed","ping_status":"closed","template":"sidebar-page.php","meta":{"footnotes":""},"class_list":["post-49","page","type-page","status-publish","hentry"],"aioseo_notices":[],"_links":{"self":[{"href":"https:\/\/bohn-kanzlei.de\/ro\/wp-json\/wp\/v2\/pages\/49","targetHints":{"allow":["GET"]}}],"collection":[{"href":"https:\/\/bohn-kanzlei.de\/ro\/wp-json\/wp\/v2\/pages"}],"about":[{"href":"https:\/\/bohn-kanzlei.de\/ro\/wp-json\/wp\/v2\/types\/page"}],"author":[{"embeddable":true,"href":"https:\/\/bohn-kanzlei.de\/ro\/wp-json\/wp\/v2\/users\/1"}],"replies":[{"embeddable":true,"href":"https:\/\/bohn-kanzlei.de\/ro\/wp-json\/wp\/v2\/comments?post=49"}],"version-history":[{"count":15,"href":"https:\/\/bohn-kanzlei.de\/ro\/wp-json\/wp\/v2\/pages\/49\/revisions"}],"predecessor-version":[{"id":814,"href":"https:\/\/bohn-kanzlei.de\/ro\/wp-json\/wp\/v2\/pages\/49\/revisions\/814"}],"wp:attachment":[{"href":"https:\/\/bohn-kanzlei.de\/ro\/wp-json\/wp\/v2\/media?parent=49"}],"curies":[{"name":"wp","href":"https:\/\/api.w.org\/{rel}","templated":true}]}}